{"id":118,"date":"2015-02-06T17:34:40","date_gmt":"2015-02-06T17:34:40","guid":{"rendered":"http:\/\/sv-listrup.de\/?page_id=118"},"modified":"2024-05-06T14:51:27","modified_gmt":"2024-05-06T12:51:27","slug":"der-verein","status":"publish","type":"page","link":"https:\/\/www.sv-listrup.de\/?page_id=118","title":{"rendered":"Der Verein"},"content":{"rendered":"<h2>Links zu Unterseiten:<\/h2>\n<h3><a href=\"https:\/\/www.sv-listrup.de\/?page_id=8526\">75 Jahre SV Listrup\u00a0<\/a><\/p>\n<p><a href=\"https:\/\/www.sv-listrup.de\/?page_id=8690\">Video-Mediathek<\/a><\/p>\n<p><a href=\"https:\/\/www.sv-listrup.de\/?page_id=120\">Archiv &#8211; Newsmeldungen<\/a><\/h3>\n<h2 style=\"text-align: center;\">Die Anfangszeit des SV Listrup 1949-1999!*<\/h2>\n<h2 style=\"text-align: center;\"><img loading=\"lazy\" decoding=\"async\" class=\"wp-image-356 size-full alignnone\" src=\"https:\/\/www.sv-listrup.de\/wp-content\/uploads\/2015\/02\/Chronik_Deckblatt_klein.jpg\" alt=\"Chronik_Deckblatt_klein\" width=\"434\" height=\"409\" \/><\/h2>\n<p style=\"text-align: center;\"><em>*Ausz\u00fcge aus der Vereinschronik &#8222;50 Jahre SV Listrup, Stationen unserer Vereinsgeschichte 1949-1999&#8220;<br \/>\n<\/em><\/p>\n<ul>\n<li>\n<h4><a href=\"https:\/\/www.sv-listrup.de\/?page_id=120\">Archiv \u2013 Newsmeldungen<\/a><\/h4>\n<\/li>\n<\/ul>\n<p><strong>Die Gr\u00fcndung<\/strong><\/p>\n<p>Der Sportverein Listrup wurde am 15. Juli 1949 auf Initiative von Dr. Konrad Schulte-Einhaus, Bernhard Seybering und den Br\u00fcdern Wilhelm und Josef Hagspihl sowie dem damaligen B\u00fcrgermeister Johanning gegr\u00fcndet.<\/p>\n<p style=\"text-align: center;\"><em><strong>Die Gr\u00fcndermannschaft des SVL von 1949<\/strong><\/em><\/p>\n<p style=\"text-align: center;\"><img loading=\"lazy\" decoding=\"async\" class=\"aligncenter size-full wp-image-353\" src=\"https:\/\/www.sv-listrup.de\/wp-content\/uploads\/2015\/02\/gruenderrmannschaft.jpg\" alt=\"gruenderrmannschaft\" width=\"575\" height=\"392\" \/><\/p>\n<p style=\"text-align: center;\"><em>von links: Josef Berger, Theo Wobbe, Gerd Nowald, Josef Arens, Bernhard Seybering, Josef Ansorge (Torwart);\u00a0\u00a0<\/em><\/p>\n<p style=\"text-align: center;\"><em>Gerhard Wobbe, Gerd Berger, Hermann Berger, August Egbers, Werner Peek.<\/em><\/p>\n<p>Fussball wurde allerdings schon vorher in Listrup gespielt. Dr. Konrad Schulte-Einhaus, Wilhelm Hagspihl und andere gr\u00fcndeten bereits 1932 im Rahmen der &#8222;Deutschen Jugend Kraft&#8220; einen Sportverein in Listrup. Aufgrund der konfessionellen Basis &#8211; die &#8222;Deutsche Jugend Kraft&#8220; war ein katholischer Sportverein &#8211; wurde der Verein aber schon 1934 von den Nazis wieder aufgel\u00f6st.<\/p>\n<p>Mit der Gr\u00fcndung des Sportverein Listrup war die organisatorische Voraussetzung 1949 f\u00fcr die Aufnahme des Sportbetriebes geschaffen. Der &#8222;SV Listrup&#8220; wurde zun\u00e4chst als reinem Fussballclub aus der Taufe gehoben und in der 2.Kreisklasse eingestuft. Bei Kl\u00fcmper wurde dazu ein &#8222;Er\u00f6ffnungsball&#8220; veranstaltet.<\/p>\n<p><strong>Der Sportplatz<\/strong><\/p>\n<p style=\"text-align: center;\"><img loading=\"lazy\" decoding=\"async\" class=\"aligncenter size-full wp-image-354\" src=\"https:\/\/www.sv-listrup.de\/wp-content\/uploads\/2015\/02\/WIESE_HP.jpg\" alt=\"WIESE_HP\" width=\"860\" height=\"378\" \/><\/p>\n<p style=\"text-align: center;\"><em>Fu\u00dfballspielen kann man immer, auch wenn&#8217;s auf einer Wiese ist.<\/em><\/p>\n<p>Noch vor dem offiziellen Gr\u00fcndungstermin wurde am 22.Mai 1949 ein Freundschaftsspiel gegen Blau-Weiss L\u00fcnne ausgetragen, welches mit 4:2 gewonnen wurde. Nachdem vor 1949 vor allem bei Schulte-Einhaus &#8211; aber auch bei Beesterm\u00f6ller und auf Kampings Esch auf einer Wiese gespielt wurde, gelang es nach der Vereinsgr\u00fcndung bei Giesken auf dem heutigem Hauptplatz eine Fl\u00e4che anzupachten und dort einen Sportplatz herzurichten.<\/p>\n<p>Hierzu bedurfte es einer gro\u00dfen Anstrengung von allen Verantwortlichen, da es f\u00fcr die Erdarbeiten noch keine Raupen und Bagger gab, sondern mit Sch\u00fcppen, Gleisen und Loren gearbeitet werden mu\u00dfte. Viele Listruper Landwirte halfen mit ihren Pferdegespannen aus. Auch nach dem herrichtem des Sportplatzes war das Spielfeld in einem &#8211; verglichen mit dem heutigen Platzverh\u00e4ltnissen\u00a0 &#8222;katastrophalen&#8220; Zustand. Der sandige Boden war mit einer gro\u00dfen Zahl von Steinen \u00fcbers\u00e4t. Der Platzzustand mu\u00dfte in den Folgejahren wohl des \u00f6fteren f\u00fcr das Erkl\u00e4ren von kaum erwarteten Niederlagen, ob nun der Heim- oder Ausw\u00e4rtsmannschaft herhalten&#8230;<\/p>\n<p style=\"text-align: center;\"><img loading=\"lazy\" decoding=\"async\" class=\"aligncenter size-full wp-image-355\" src=\"https:\/\/www.sv-listrup.de\/wp-content\/uploads\/2015\/02\/Chronik_hp002.jpg\" alt=\"Chronik_hp002\" width=\"455\" height=\"300\" \/><\/p>\n<p style=\"text-align: center;\"><em>Ab September 1949 konnten die Listruper das runde Leder endlich auf einem &#8222;richtigem&#8220; Sportplatz treiben<\/em><\/p>\n<ul>\n<li><strong>Der Spielbetrieb wurde aufgenommen<\/strong><\/li>\n<\/ul>\n<p>Die\u00a0 Mannschaft des SVL nahm im Herbst 1949 den Spielbetrieb in der 2.Kreisklasse auf, das 1.Meisterschaftsspiel am 18.September 1949 beim SV Wettrup endete 4:4 Unentschieden. Nachdem die Mannschaft zun\u00e4chst in der 2.Kreisklasse vornehmlich gegen Reservemannschaften anzutreten hatte, gelang in der Saison 1951\/1952 der Aufstieg in die damals schon sehr starke 1.Kreisklasse wo man sich u.a. mit dem SC Spelle\/Venhaus, Alem. Salzbergen, Conc. Emsb\u00fcren, SV Biene, SG Freren und FC Leschede auseinanderzusetzen. In den 50er Jahren wurde in dieser Klasse zumeist ein gesicherter bzw. oberer Mittelfeldplatz erreicht.<\/p>\n<p>Ab 1955 nahmen auch zeitweilig eine 2. und Jugendmannschaft am Spielbetrieb teil, die jedoch aus Spielermangel 1985 wieder zur\u00fcckgezogen wurde. Die Spielklassen in den 50er und 60er Jahren umfassten mit meistens 11-12 Mannschaften noch nicht soviele Mannschaften wie heute.<\/p>\n<p>Trainiert wurde im Sommer meistens einmal pro Woche, im Winter fast \u00fcberhaupt nicht. Auch ansonsten war gegen\u00fcber heute einiges anders: Umkleidekabinen gag es nicht, es stand lediglich eine Barake am Sportplatz, in der es aber keine Duschen gab. Daf\u00fcr gab es eine Wasserpumpe, einen gro\u00dfen Tonkrug und Wasch\u00fcsseln. Im Sommer ging es nach dem Spiel auch schon mal zur nahegelegenen Ems. Als Umkleidekabine fungierte lange Hagspihls Backstube. Die Trikots mu\u00dfte jeder selbst mit nach Hause nehmen und waschen. Die B\u00e4lle waren beim Schuster deponiert, der diese bei Bedarf auch flickte. Der Platz wurde f\u00fcr die Spiele von den Spielern hergerichtet, letzendlich war der Kapit\u00e4n daf\u00fcr verantwortlich. Die Au\u00dfenlinien markierte man damals praktischerweise mit S\u00e4gemehl.<\/p>\n<ul>\n<li><strong>Pokalturnier mit \u00fcber 1000 Zuschauern<\/strong><\/li>\n<\/ul>\n<p>In den 50er und 60er Jahren gab es im Sommer eine Vielzahl von Pokalturnieren, die die jeweiligen Vereine ausrichteten. Auch der SV Listrup organisierte insbesondere in den 50er Jahren ein meist sehr gut besuchtes j\u00e4hrliches Pokalturnier, zu dem die umliegenden Vereine eingeladen wurden. Zu diesem Pokalturnier wurden die ankommenden Vereine immer mit dem Spielmannzug Leschede angeholt und zum Sportplatz begleitet. Aus Anla\u00df des 10 j\u00e4hrigen Bestehens wurde auch am 09.August 1959 ein Pokalturnier veranstaltet, zu dem \u00fcber 1000 Zuschauer kamen.<\/p>\n<p><strong>Die 60er Jahre<\/strong><\/p>\n<p>So erfolgreich, wie die 50er Jahre endeten, ging es in den 60er Jahren leider nicht weiter. Nachdem man sich noch in der Saison 1960\/61 erfolgreich gegen den Abstieg aus der 1.Kreisklasse wehrte, mu\u00dfte die 1.Mannschaft 1962 wieder in die 2.Kreisklasse absteigen. Ab jetzt begann die schwerste Zeit in der Vereinsgeschichte.<\/p>\n<ul>\n<li><strong>Geburtenschwache Jahrg\u00e4nge brachten Nachwuchsprobleme<\/strong><\/li>\n<\/ul>\n<p>Dr. Konrad Schulte-Einhaus schreibt in seiner Rede zum 25j\u00e4hrigen Jubil\u00e4um des Vereins: &#8222;Bedingt durch die schwachen Geburtenjahrg\u00e4nge war es nur unter gr\u00f6\u00dften Schwierigkeiten und unter Einbeziehung von alten Herren m\u00f6glich, \u00fcberhaupt 11 Mann auf die Beine zu stellen. Der SV Listrup kann aber f\u00fcr sich in Anspruch nehmen, diese schwierigen Jahre gemeistert zu haben &#8211; ein Hauptverdienst von Gerhard Berger, der damals einige Jahre den Vorsitz hatte, und seinem Bruder Ludwig Berger, der damals wie heute &#8211; und hoffentlich auch zuk\u00fcnftig &#8211; als fu\u00dfballbegeisteter Idealist sehr viel f\u00fcr den Verein und seine Mannschaften getan hat&#8220; Andere Vereine wie z.B. Baccum, Thuine, Messingen, Andervenne und Freren, mu\u00dften aufgrund der damaligen Probleme sogar vor\u00fcbergehend den Spielbetrieb einstellen. Ab dem Jahr 1967 ging es mit dem SV Listrup wieder bergauf. In diesem Jahr nahm eine Jugendmannschaft und 1969 eine Sch\u00fclermannschaft den Spielbetrieb auf.<\/p>\n<p><img loading=\"lazy\" decoding=\"async\" class=\"aligncenter size-full wp-image-364\" src=\"https:\/\/www.sv-listrup.de\/wp-content\/uploads\/2015\/02\/1965_.jpg\" alt=\"1965_\" width=\"501\" height=\"336\" \/><\/p>\n<p style=\"text-align: center;\"><em>1965 von links: Ludwig Berger, Hubert Wesenberg (Torwart), Franz H\u00fcntelmann, Franz Vohs, Bernd Meyering, Werner B\u00fcnker, Josef Berger, Heini Meyering, Franz Lakemeier, Aloys Dall, Franz Hindricks<\/em><\/p>\n<p>Seit Mitte der sechziger Jahre konnte auch im Herbst und Winter abends trainiert werden, da man mittels Strahlern auf ca. 5 bis 6 Meter hohen Holzmasten etwa ein Viertel des Spielfeldes ausleuchten konnte. Die Kabel wurden dabei unter dem Spielfeld &#8222;verbuddelt&#8220;.<\/p>\n<p><strong>Die 70er Jahre<\/strong><\/p>\n<p><img loading=\"lazy\" decoding=\"async\" class=\"aligncenter size-full wp-image-363\" src=\"https:\/\/www.sv-listrup.de\/wp-content\/uploads\/2015\/02\/1_mannschaft_1971.jpg\" alt=\"1_mannschaft_1971\" width=\"516\" height=\"236\" \/><\/p>\n<p>Der Aufw\u00e4rtstrend Ende der 60er Jahre setzte sich auch in den 70er Jahren fort. Es spielten jetzt verst\u00e4rkt auch Spieler aus den Nachbargemeinden Holsten\/Bexten und Moorlage. 1970 nahm die 2.Mannschaft ihren Spielbetrieb wieder auf, den sie bekanntlich bis heute fortf\u00fchrt. Ab dem selben Jahr kamen noch eine weitere Jugend- und eine Knabenmannschaft hinzu. Die erste Mannschaft mu\u00dfte allerdings zun\u00e4chst noch in der 2. Kreisklasse verweilen.<\/p>\n<p><img loading=\"lazy\" decoding=\"async\" class=\"aligncenter size-full wp-image-362\" src=\"https:\/\/www.sv-listrup.de\/wp-content\/uploads\/2015\/02\/umkleide_1971.jpg\" alt=\"umkleide_1971\" width=\"406\" height=\"220\" \/><\/p>\n<p>Im Herbst 1970\/ Fr\u00fchjahr 1971 wurde mit dem Bau\u00a0 der Umkleidegeb\u00e4ude begonnen. Am Samstag, 03. Juni 1971 gab es dann ein Altherren-Spiel anl\u00e4\u00dflich der Einweihung der neuen Kabinen. Dort standen sich ehemalige Aktive, die nicht mehr in Listrup wohnten, M\u00e4nnern \u00fcber 28 Jahren, die noch ans\u00e4ssige Listruper waren, gegen\u00fcber.\u00a0<strong><br \/>\n<\/strong><\/p>\n<p><strong>1974: 25-j\u00e4hriges Vereinsjubil\u00e4um<\/strong><\/p>\n<p>Nach weiteren vier Jahren in der 2.Kreisklasse konnte p\u00fcnktlich zum 25j\u00e4hrigen Vereinsjubil\u00e4um die 1.Mannschaft wieder in die 1.Kreisklasse aufzusteigen. Das Silberjubil\u00e4um wurde mit einem Festkommers im Jugendheim und verschiedenen Freundschaftsspielen und Pokalturnieren gefeiert. Betrachten wir die Entwicklung unserer Fu\u00dfballabteilung weiter, dann sto\u00dfen wir auf das Jahr 1975, als man auf dem Pokalturnier zur Sportplatzeinweihung von Concordia Emsb\u00fcren den ersten Platz errang und sich dabei gegen klassenh\u00f6her spielenden Mannschaften von Leschede, Lohne und Emsb\u00fcren durchsetzte.<\/p>\n<p><img loading=\"lazy\" decoding=\"async\" class=\" size-full wp-image-361 alignright\" src=\"https:\/\/www.sv-listrup.de\/wp-content\/uploads\/2015\/02\/TP_25_svl.jpg\" alt=\"TP_25_svl\" width=\"401\" height=\"545\" \/><\/p>\n<ul>\n<li><strong>Zweiter Sportplatz n\u00f6tig<\/strong><\/li>\n<\/ul>\n<p>Durch den zunehmenden Spielbetrieb war die Errichtung eines zweiten Sportplatzes n\u00f6tig geworden, so da\u00df 1975 neben dem &#8222;alten&#8220; der &#8222;neue&#8220; Sportplatz hergerichtet wurde, der am Sonntag, 27.Juli 1975 im Rahmen eines Pokalturnieres eingeweiht wurde. Als teilnehmende Mannschaften waren auf dem neuen gr\u00fcnen Rasen folgende Mannschaften dabei: FC Leschede, Conc. Emsb\u00fcren,\u00a0 Alem. Salzbergen sowie Suddendorf-Samern. Das Zwischenspiel fand gegen 15:00 Uhr statt; es wurde zwischen Neuenkirchen und Listrup bestritten. Am Samstag, dem 26.Juli 1975 wurde ein Jugendspiel und ein Spiel der ehemaligen, ausw\u00e4rtigen Spieler des SV Listrup gegen die &#8222;Alten Herren&#8220; des SVL ausgetragen. Am Abend fand ein gem\u00fctliches Beisammensein der Spieler mit Einwohnern von Listrup, Holsten-Bexten und Moorlage statt.<\/p>\n<ul>\n<li><strong>&#8222;Alte Herren&#8220;- Gr\u00fcndung<\/strong><\/li>\n<\/ul>\n<p>Im Jahr 1976 gr\u00fcndeten die SV-Aktiven die Alte-Herren-Mannschaft, die fortan Freundschaftsspiele gegen Nachbarvereine wie z.B. Salzbergen, Leschede, Emsb\u00fcren, Altenrheine, u.a. absolviert.<\/p>\n<p>Mitte der 70er Jahre entwickelte sich ein sehr guter &#8222;Fu\u00dfball-Jugend-Jahrgang, der Jahr f\u00fcr Jahr erfolge feiern konnte. So gelang es dem Team 1973\/74 Meister in der Kreisklasse der B-Jugend, 1974\/75 Meister der A-Jugend-Kreisklasse und schlie\u00dflich 1975\/76 auf Anhieb A-Jugend-Meister in der Kreisliga zu werden.<\/p>\n<p><img loading=\"lazy\" decoding=\"async\" class=\"aligncenter size-full wp-image-360\" src=\"https:\/\/www.sv-listrup.de\/wp-content\/uploads\/2015\/02\/1_mannschaft_1977.jpg\" alt=\"1_mannschaft_1977\" width=\"636\" height=\"296\" \/><\/p>\n<p>Als einige Spieler aus dieser A-Jugend-Mannschaften 1976 in die Senioren wechselte, setzten sich diese erfolgreichen Jahre fort, indem die 1.Mannschaft in der Saison 1976\/77 erstmals in der Vereinsgeschichte die Meisterschaft in der 1.Kreisklasse erringen und in die Kreisliga aufsteigen konnte.<\/p>\n<ul>\n<li><strong>1976 gab Dr. Schulte-Einhaus das Amt des Vorsitzenden ab<\/strong><\/li>\n<\/ul>\n<p><img loading=\"lazy\" decoding=\"async\" class=\" size-full wp-image-359 aligncenter\" src=\"https:\/\/www.sv-listrup.de\/wp-content\/uploads\/2015\/02\/einhaus_hindrichs_1976.jpg\" alt=\"einhaus_hindrichs_1976\" width=\"547\" height=\"296\" \/><\/p>\n<p>Im Protokoll der Generalversammlung vom 16. Juli 1976 ist festgehalten das Dr. Konrad Schulte-Einhaus seinen R\u00fccktritt als 1.Vorsitzender unseres Vereines bekannt gab. Er hatte das Amt seit der Gr\u00fcndung im Jahr 1949 fast ohne Unterbrechung ausge\u00fcbt. Als sein Nachfolger wurde Bernhard Hinricks zum neuen 1. Vorsitzenden gew\u00e4hlt.<strong><br \/>\n<\/strong><\/p>\n<p><strong>\u00a0<\/strong><\/p>\n<ul>\n<li><strong>Jetzt auch Tischtennis<\/strong><\/li>\n<\/ul>\n<p>Auf der Generalversammlung wurde zudem auf Antrag von Ludwig Heuking die Gr\u00fcndung einer Tischtennisabteilung beschlossen. Der Spielbetrieb sollte im Herbst aufgenommen werden. Gespielt wurde in der alten Schule in Listrup, ca. 10 Mitglieder traten dieser neuen Abteilung des SV Listrup bei. Auch die Er\u00f6ffnung einer Alt-Herren-Mannschaft wurde besprochen. Das Er\u00f6ffnungsspiel fand schon kurz darauf, am 31.Juli 1976 zum Auftakt des Pokalturniers statt. Leider mu\u00dften die meisten Mitglieder der Tischtennisabteilung aus beruflichen Gr\u00fcnden in andere Orte ziehen. Daher wurde die Abteilung im Jahre 1979 wegen Spielermangels wieder aufgel\u00f6st.<\/p>\n<ul>\n<li><strong>\u00a0<\/strong><strong>Gute Rolle in der Kreisliga<\/strong><\/li>\n<\/ul>\n<p>In der Kreisliga spielte die 1.Mannschaft eine gute Rolle und konnte z.T. sogar in der Spitzengruppe mithalten. Zu Beginn der ersten Saison in der Kreisliga kamen 1977 zum Heimspiel gegen Salzbergen \u00fcber 600 Zuschauer. Dieses Spiel ging leider mit 1:3 verloren.<\/p>\n<p>Nachdem die Fu\u00dfballer bisher immer von &#8222;nebenamtlichen&#8220; Trainern trainiert wurden, zuletzt von 1974-1979 von Ludwig Berger, wurde ab der Saison 1979\/1980 erstmals mit G\u00fcnther M\u00f6ring ein &#8222;hauptamtlicher&#8220; Trainer eingestellt.<\/p>\n<p>Am 30.Juni 1979 starb der Ehrenvorsitzende und Mitbegr\u00fcnder des Sportvereins Listrup, Dr. Konrad Schulte-Einhaus.<\/p>\n<ul>\n<li><strong>Erste F-Jugend kam 1979\/80<\/strong><\/li>\n<\/ul>\n<p>In der Saison 1979\/80 konnte der SV Listrup erstmals eine F-Jugend aufbieten, die von Ludwig Berger trainiert und betreut wurde. Sie erreichte das Kreispokalfinale auf Kreisebene, welches jedoch mit 0:4 gegen SG Freren verloren wurde.<\/p>\n<p><img loading=\"lazy\" decoding=\"async\" class=\" size-full wp-image-358 aligncenter\" src=\"https:\/\/www.sv-listrup.de\/wp-content\/uploads\/2015\/02\/f-jugend.jpg\" alt=\"f-jugend\" width=\"336\" height=\"296\" \/><\/p>\n<p><strong>Die 80er Jahre<img loading=\"lazy\" decoding=\"async\" class=\" size-full wp-image-367 alignright\" src=\"https:\/\/www.sv-listrup.de\/wp-content\/uploads\/2015\/02\/moering_1980.jpg\" alt=\"moering_1980\" width=\"512\" height=\"482\" \/> <img loading=\"lazy\" decoding=\"async\" class=\" size-full wp-image-370 alignright\" src=\"https:\/\/www.sv-listrup.de\/wp-content\/uploads\/2015\/02\/namen_moering_1980.jpg\" alt=\"namen_moering_1980\" width=\"320\" height=\"200\" \/><\/strong><\/p>\n<p>Auch zu Beginn der 80er Jahre hielt sich unsere 1.Mannschaft sehr gut in der Kreisliga, geh\u00f6rte zeitweise sogar zum Kreis der Mitfavoriten f\u00fcr den Aufstieg in der Bezirksklasse. Mit Bernd B\u00fcnker (BB) verf\u00fcgte sie in den 80er bis in die 90er Jahre hinein \u00fcber einen hervorragenden Torj\u00e4ger, der fast in jeder Saison um die 35 Tore scho\u00df und somit auch laufend Angebote von h\u00f6herklassigen Vereinen erhielt. Dennoch widerstand er allen Verlockungen und hielt &#8222;seinem&#8220; SV Listrup die Treue.<\/p>\n<p>1980 wurde beschlossen unseren Sportverein beim Amtsgericht Lingen eintragen zu lassen. 1981 fand erstmalig der Sportlerball statt. Als H\u00f6hepunkt des Abends war eine tolle Tombola arrangiert worden. Damals wie heute lockte als Hauptgewinn ein Fahrrad. Der Hit auf diesen B\u00e4llen war stets der Auftritt der Damen der Gymnastikgruppe mit einigen einstudierten T\u00e4nzen. Leider ging dieser sch\u00f6ne Brauch nur bis 1985, dann l\u00f6ste sich die Tanzgruppe auf.<\/p>\n<p><strong>Und es ward Licht&#8230;<\/strong><\/p>\n<p>1980-1981 wurde auf beiden Sportpl\u00e4tzen mit viel Eigenleistung wieder gebaut. Der &#8222;alte&#8220; Sportplatz wurde innerhalb eines Jahres aufgef\u00fcllt und runderneuert, so da\u00df aus dem &#8222;steinigen Acker&#8220; ein ansehnlicher Fussballplatz wurde. In dieser Saison spielte man zum Teil auf dem Ausweichsportplatz bei Meyering. Der &#8222;neue&#8220; Platz&#8220; bekam 1981 eine Flutlichtanlage, die daf\u00fcr sorgte, da\u00df ab jetzt auch im Herbst und Winter abends hervorragende Trainingsbedingungen vorhanden waren.<\/p>\n<p>Da bei der Montage der Flutlichtmasten Schnee lag, mu\u00dften die Masten auf Schlitten \u00fcber den Platz transportiert werden. Die Anlage wurde am 27.M\u00e4rz 1981 mit einem &#8222;10.000 Watt-Spiel&#8220; von renomierten \u00e4lteren, nichtaktiven Athleten eingeweiht.<\/p>\n<p>In einem Freunschaftsspiel gegen TuS Lingen zur Einweihung des erneuerten &#8222;alten&#8220; Platzes notiert die Chronik im Sommer 1981 eine 1:4 Niederlage f\u00fcr unsere 1.Mannschaft.<\/p>\n<p><img loading=\"lazy\" decoding=\"async\" class=\"aligncenter size-full wp-image-368\" src=\"https:\/\/www.sv-listrup.de\/wp-content\/uploads\/2015\/02\/flutlichtspiel_81.jpg\" alt=\"flutlichtspiel_81\" width=\"430\" height=\"412\" \/><\/p>\n<p><strong>Dritte Mannschaft gegr\u00fcndet<\/strong><\/p>\n<p><img loading=\"lazy\" decoding=\"async\" class=\" size-full wp-image-369 aligncenter\" src=\"https:\/\/www.sv-listrup.de\/wp-content\/uploads\/2015\/02\/3_mannschaft.jpg\" alt=\"3_mannschaft\" width=\"499\" height=\"273\" \/><\/p>\n<p>In jenem Sommer wurde auch die 3.Mannschaft des SV Listrup gegr\u00fcndet. Diese spielte fortan meist in der unteren H\u00e4lfte der 3.Kreisklasse. In der ersten Spielsaison belegte sie zwar einen Platz am Ende der Tabelle, wurde aber als fairste Mannschaft des Emslandes ausgezeichnet. Legend\u00e4r sind die Halbzeitsitzungen der &#8222;Dritten&#8220; in den Wintermonaten mit Tee und Rum&#8230;. Leider liegt davon kein Bildmaterial (?) vor. D-Jugend &#8211; Match gegen Bayer Leverkusen In den Jahren 1982 und 1983 konnte die D-Jugend des SV Listrup zwei Freundschaftsspiele gegen die vom ehemaligen Listruper Spieler Helmut Scheinert betreute D-Jugend von Bayer Leverkusen austragen.<\/p>\n","protected":false},"excerpt":{"rendered":"<p>Links zu Unterseiten: 75 Jahre SV Listrup\u00a0 Video-Mediathek Archiv &#8211; Newsmeldungen Die Anfangszeit des SV Listrup 1949-1999!* *Ausz\u00fcge aus der Vereinschronik &#8222;50 Jahre SV Listrup, Stationen unserer Vereinsgeschichte 1949-1999&#8220; Archiv \u2013 Newsmeldungen Die Gr\u00fcndung Der Sportverein Listrup wurde am 15. Juli 1949 auf Initiative von Dr. Konrad Schulte-Einhaus, Bernhard Seybering und den Br\u00fcdern Wilhelm und Josef Hagspihl sowie dem damaligen B\u00fcrgermeister Johanning gegr\u00fcndet. Die Gr\u00fcndermannschaft des SVL von 1949 von links: Josef Berger, Theo Wobbe, Gerd Nowald, Josef Arens, Bernhard Seybering, Josef Ansorge (Torwart);\u00a0\u00a0 Gerhard Wobbe, Gerd Berger, Hermann Berger, August Egbers, Werner Peek. Fussball wurde allerdings schon vorher in Listrup gespielt. Dr. Konrad Schulte-Einhaus, Wilhelm Hagspihl und andere gr\u00fcndeten bereits 1932 im Rahmen der &#8222;Deutschen Jugend Kraft&#8220; einen Sportverein in Listrup. Aufgrund der konfessionellen Basis &#8211; die &#8222;Deutsche Jugend Kraft&#8220; war ein katholischer Sportverein &#8211; wurde der Verein aber schon 1934 von den Nazis wieder aufgel\u00f6st. Mit der Gr\u00fcndung des Sportverein Listrup war die organisatorische Voraussetzung 1949 f\u00fcr die Aufnahme des Sportbetriebes geschaffen. Der &#8222;SV Listrup&#8220; wurde zun\u00e4chst als reinem Fussballclub aus der Taufe gehoben und in der 2.Kreisklasse [&hellip;]<\/p>\n","protected":false},"author":1,"featured_media":0,"parent":0,"menu_order":40,"comment_status":"open","ping_status":"open","template":"","meta":{"footnotes":""},"class_list":["post-118","page","type-page","status-publish","hentry"],"_links":{"self":[{"href":"https:\/\/www.sv-listrup.de\/index.php?rest_route=\/wp\/v2\/pages\/118","targetHints":{"allow":["GET"]}}],"collection":[{"href":"https:\/\/www.sv-listrup.de\/index.php?rest_route=\/wp\/v2\/pages"}],"about":[{"href":"https:\/\/www.sv-listrup.de\/index.php?rest_route=\/wp\/v2\/types\/page"}],"author":[{"embeddable":true,"href":"https:\/\/www.sv-listrup.de\/index.php?rest_route=\/wp\/v2\/users\/1"}],"replies":[{"embeddable":true,"href":"https:\/\/www.sv-listrup.de\/index.php?rest_route=%2Fwp%2Fv2%2Fcomments&post=118"}],"version-history":[{"count":18,"href":"https:\/\/www.sv-listrup.de\/index.php?rest_route=\/wp\/v2\/pages\/118\/revisions"}],"predecessor-version":[{"id":8774,"href":"https:\/\/www.sv-listrup.de\/index.php?rest_route=\/wp\/v2\/pages\/118\/revisions\/8774"}],"wp:attachment":[{"href":"https:\/\/www.sv-listrup.de\/index.php?rest_route=%2Fwp%2Fv2%2Fmedia&parent=118"}],"curies":[{"name":"wp","href":"https:\/\/api.w.org\/{rel}","templated":true}]}}