{"id":1193,"date":"2015-08-19T09:37:09","date_gmt":"2015-08-19T09:37:09","guid":{"rendered":"http:\/\/sv-listrup.de\/?page_id=1193"},"modified":"2020-05-12T08:52:05","modified_gmt":"2020-05-12T06:52:05","slug":"listruper-jugendmannschaften","status":"publish","type":"page","link":"https:\/\/www.sv-listrup.de\/?page_id=1193","title":{"rendered":"Listruper Jugendmannschaften"},"content":{"rendered":"<p><span style=\"font-size: 18pt;\"><a href=\"http:\/\/www.fussball.de\/verein\/sv-listrup-niedersachsen\/-\/id\/00ES8GN80K00001LVV0AG08LVUPGND5I#!\/section\/mediastream\">\u00dcbersicht&#8211;&gt;Tabellen&#8211;&gt;Spielpl\u00e4ne aller Jugendfu\u00dfballmanschaften des SV-Listrup hier!<\/a><\/span><\/p>\n<p><span style=\"font-size: 24pt;\"><a href=\"https:\/\/www.sv-listrup.de\/?page_id=122\">Ansprechpartner: Hier klicken!<\/a><\/span><\/p>\n<ul>\n<li>\n<h4><strong><a href=\"https:\/\/www.sv-listrup.de\/?page_id=38\">D1 \u2013 Junioren<\/a><\/strong><\/h4>\n<\/li>\n<li>\n<h4><strong><a href=\"https:\/\/www.sv-listrup.de\/?page_id=40\">E1 \u2013 Junioren<\/a><\/strong><\/h4>\n<\/li>\n<li>\n<h4><strong><a href=\"https:\/\/www.sv-listrup.de\/?page_id=2752\">E2 \u2013 Junioren<\/a><\/strong><\/h4>\n<\/li>\n<li>\n<h4><strong><a href=\"https:\/\/www.sv-listrup.de\/?page_id=42\">F1 \u2013 Junioren<\/a><\/strong><\/h4>\n<\/li>\n<li>\n<h4><strong><a href=\"https:\/\/www.sv-listrup.de\/?page_id=1062\">F2 \u2013 Junioren<\/a><\/strong><\/h4>\n<\/li>\n<li>\n<h4><strong><a href=\"https:\/\/www.sv-listrup.de\/?page_id=44\">Minikicker<\/a><\/strong><\/h4>\n<\/li>\n<\/ul>\n<p><a href=\"https:\/\/www.sv-listrup.de\/wp-content\/uploads\/2019\/08\/Training-Erste-Kids-SVL.jpg\"><img loading=\"lazy\" decoding=\"async\" class=\"aligncenter size-full wp-image-5599\" src=\"https:\/\/www.sv-listrup.de\/wp-content\/uploads\/2019\/08\/Training-Erste-Kids-SVL.jpg\" alt=\"\" width=\"1280\" height=\"960\" srcset=\"https:\/\/www.sv-listrup.de\/wp-content\/uploads\/2019\/08\/Training-Erste-Kids-SVL.jpg 1280w, https:\/\/www.sv-listrup.de\/wp-content\/uploads\/2019\/08\/Training-Erste-Kids-SVL-300x225.jpg 300w, https:\/\/www.sv-listrup.de\/wp-content\/uploads\/2019\/08\/Training-Erste-Kids-SVL-768x576.jpg 768w, https:\/\/www.sv-listrup.de\/wp-content\/uploads\/2019\/08\/Training-Erste-Kids-SVL-1024x768.jpg 1024w\" sizes=\"auto, (max-width: 1280px) 100vw, 1280px\" \/><\/a><\/p>\n","protected":false},"excerpt":{"rendered":"<p>\u00dcbersicht&#8211;&gt;Tabellen&#8211;&gt;Spielpl\u00e4ne aller Jugendfu\u00dfballmanschaften des SV-Listrup hier! Ansprechpartner: Hier klicken! D1 \u2013 Junioren E1 \u2013 Junioren E2 \u2013 Junioren F1 \u2013 Junioren F2 \u2013 Junioren Minikicker<\/p>\n","protected":false},"author":7,"featured_media":0,"parent":0,"menu_order":16,"comment_status":"open","ping_status":"open","template":"","meta":{"footnotes":""},"class_list":["post-1193","page","type-page","status-publish","hentry"],"_links":{"self":[{"href":"https:\/\/www.sv-listrup.de\/index.php?rest_route=\/wp\/v2\/pages\/1193","targetHints":{"allow":["GET"]}}],"collection":[{"href":"https:\/\/www.sv-listrup.de\/index.php?rest_route=\/wp\/v2\/pages"}],"about":[{"href":"https:\/\/www.sv-listrup.de\/index.php?rest_route=\/wp\/v2\/types\/page"}],"author":[{"embeddable":true,"href":"https:\/\/www.sv-listrup.de\/index.php?rest_route=\/wp\/v2\/users\/7"}],"replies":[{"embeddable":true,"href":"https:\/\/www.sv-listrup.de\/index.php?rest_route=%2Fwp%2Fv2%2Fcomments&post=1193"}],"version-history":[{"count":7,"href":"https:\/\/www.sv-listrup.de\/index.php?rest_route=\/wp\/v2\/pages\/1193\/revisions"}],"predecessor-version":[{"id":6326,"href":"https:\/\/www.sv-listrup.de\/index.php?rest_route=\/wp\/v2\/pages\/1193\/revisions\/6326"}],"wp:attachment":[{"href":"https:\/\/www.sv-listrup.de\/index.php?rest_route=%2Fwp%2Fv2%2Fmedia&parent=1193"}],"curies":[{"name":"wp","href":"https:\/\/api.w.org\/{rel}","templated":true}]}}