{"id":126,"date":"2015-02-06T17:35:21","date_gmt":"2015-02-06T17:35:21","guid":{"rendered":"http:\/\/sv-listrup.de\/?page_id=126"},"modified":"2020-08-14T12:43:31","modified_gmt":"2020-08-14T10:43:31","slug":"trainingszeiten-svl","status":"publish","type":"page","link":"https:\/\/www.sv-listrup.de\/?page_id=126","title":{"rendered":"Trainingszeiten SVL"},"content":{"rendered":"\n<figure class=\"wp-block-image size-large\"><img loading=\"lazy\" decoding=\"async\" width=\"1024\" height=\"567\" src=\"https:\/\/www.sv-listrup.de\/wp-content\/uploads\/2020\/08\/2020-08-14-12_38_43-Trainingsplan-SVL-Corona-Pandemie.pdf-Adobe-Acrobat-Reader-DC-1024x567.jpg\" alt=\"\" class=\"wp-image-6532\" srcset=\"https:\/\/www.sv-listrup.de\/wp-content\/uploads\/2020\/08\/2020-08-14-12_38_43-Trainingsplan-SVL-Corona-Pandemie.pdf-Adobe-Acrobat-Reader-DC-1024x567.jpg 1024w, https:\/\/www.sv-listrup.de\/wp-content\/uploads\/2020\/08\/2020-08-14-12_38_43-Trainingsplan-SVL-Corona-Pandemie.pdf-Adobe-Acrobat-Reader-DC-300x166.jpg 300w, https:\/\/www.sv-listrup.de\/wp-content\/uploads\/2020\/08\/2020-08-14-12_38_43-Trainingsplan-SVL-Corona-Pandemie.pdf-Adobe-Acrobat-Reader-DC-768x425.jpg 768w, https:\/\/www.sv-listrup.de\/wp-content\/uploads\/2020\/08\/2020-08-14-12_38_43-Trainingsplan-SVL-Corona-Pandemie.pdf-Adobe-Acrobat-Reader-DC.jpg 1460w\" sizes=\"auto, (max-width: 1024px) 100vw, 1024px\" \/><\/figure>\n\n\n<p style=\"text-align: center;\"><a href=\"https:\/\/www.sv-listrup.de\/wp-content\/uploads\/2020\/08\/Trainingsplan-SVL-Corona-Pandemie-1.pdf\">Trainingsplan SVL Corona Pandemie<\/a>\u00a0(PDF)<\/p>\n<p style=\"text-align: center;\"><strong>Alle Angaben ohne Gew\u00e4hr, \u00c4nderungen jederzeit m\u00f6glich!<\/strong><\/p>\n<p style=\"text-align: center;\">\u00a0<\/p>\n<p style=\"text-align: center;\">\u00a0<\/p>\n\n","protected":false},"excerpt":{"rendered":"<p>Trainingsplan SVL Corona Pandemie\u00a0(PDF) Alle Angaben ohne Gew\u00e4hr, \u00c4nderungen jederzeit m\u00f6glich! \u00a0 \u00a0<\/p>\n","protected":false},"author":1,"featured_media":0,"parent":0,"menu_order":36,"comment_status":"open","ping_status":"open","template":"","meta":{"footnotes":""},"class_list":["post-126","page","type-page","status-publish","hentry"],"_links":{"self":[{"href":"https:\/\/www.sv-listrup.de\/index.php?rest_route=\/wp\/v2\/pages\/126","targetHints":{"allow":["GET"]}}],"collection":[{"href":"https:\/\/www.sv-listrup.de\/index.php?rest_route=\/wp\/v2\/pages"}],"about":[{"href":"https:\/\/www.sv-listrup.de\/index.php?rest_route=\/wp\/v2\/types\/page"}],"author":[{"embeddable":true,"href":"https:\/\/www.sv-listrup.de\/index.php?rest_route=\/wp\/v2\/users\/1"}],"replies":[{"embeddable":true,"href":"https:\/\/www.sv-listrup.de\/index.php?rest_route=%2Fwp%2Fv2%2Fcomments&post=126"}],"version-history":[{"count":18,"href":"https:\/\/www.sv-listrup.de\/index.php?rest_route=\/wp\/v2\/pages\/126\/revisions"}],"predecessor-version":[{"id":6535,"href":"https:\/\/www.sv-listrup.de\/index.php?rest_route=\/wp\/v2\/pages\/126\/revisions\/6535"}],"wp:attachment":[{"href":"https:\/\/www.sv-listrup.de\/index.php?rest_route=%2Fwp%2Fv2%2Fmedia&parent=126"}],"curies":[{"name":"wp","href":"https:\/\/api.w.org\/{rel}","templated":true}]}}