{"id":134,"date":"2015-02-06T17:36:04","date_gmt":"2015-02-06T17:36:04","guid":{"rendered":"http:\/\/sv-listrup.de\/?page_id=134"},"modified":"2015-02-24T13:43:22","modified_gmt":"2015-02-24T13:43:22","slug":"kontakt","status":"publish","type":"page","link":"https:\/\/www.sv-listrup.de\/?page_id=134","title":{"rendered":"Kontakt"},"content":{"rendered":"<p style=\"text-align: center;\">Sie m\u00f6chten Kontakt mit dem Webmaster aufnehmen? Dann schicken Sie eine E-Mail an <a href=\"mailto:Webmaster@sv-listrup.de?subject=Kontakt%20HP%20SVL\">Webmaster@SV-Listrup.de<\/a><\/p>\n<p style=\"text-align: center;\">Sie m\u00f6chten Kontakt mit unserem Jugendobmann aufnehmen? Dann schicken Sie eine E-Mail an <a href=\"mailto:Jugend@SV-Listrup.de\">Jugend@SV-Listrup.de<\/a><\/p>\n<p style=\"text-align: center;\">Sie m\u00f6chten Kontakt mit unserem Seniorenobmann aufnehmen? Dann schicken Sie eine E-Mail an <a href=\"mailto:Senioren@SV-Listrup.de\">Senioren@SV-Listrup.de<\/a><\/p>\n<p style=\"text-align: center;\">Sie m\u00f6chten Kontakt mit unserem Vorstand aufnehmen? Dann schicken Sie eine E-Mail an <a href=\"mailto:Vorstand@sv-listrup.de\">Vorstand@sv-listrup.de<\/a><\/p>\n","protected":false},"excerpt":{"rendered":"<p>Sie m\u00f6chten Kontakt mit dem Webmaster aufnehmen? Dann schicken Sie eine E-Mail an Webmaster@SV-Listrup.de Sie m\u00f6chten Kontakt mit unserem Jugendobmann aufnehmen? Dann schicken Sie eine E-Mail an Jugend@SV-Listrup.de Sie m\u00f6chten Kontakt mit unserem Seniorenobmann aufnehmen? Dann schicken Sie eine E-Mail an Senioren@SV-Listrup.de Sie m\u00f6chten Kontakt mit unserem Vorstand aufnehmen? Dann schicken Sie eine E-Mail an Vorstand@sv-listrup.de<\/p>\n","protected":false},"author":1,"featured_media":0,"parent":0,"menu_order":32,"comment_status":"open","ping_status":"open","template":"","meta":{"footnotes":""},"class_list":["post-134","page","type-page","status-publish","hentry"],"_links":{"self":[{"href":"https:\/\/www.sv-listrup.de\/index.php?rest_route=\/wp\/v2\/pages\/134","targetHints":{"allow":["GET"]}}],"collection":[{"href":"https:\/\/www.sv-listrup.de\/index.php?rest_route=\/wp\/v2\/pages"}],"about":[{"href":"https:\/\/www.sv-listrup.de\/index.php?rest_route=\/wp\/v2\/types\/page"}],"author":[{"embeddable":true,"href":"https:\/\/www.sv-listrup.de\/index.php?rest_route=\/wp\/v2\/users\/1"}],"replies":[{"embeddable":true,"href":"https:\/\/www.sv-listrup.de\/index.php?rest_route=%2Fwp%2Fv2%2Fcomments&post=134"}],"version-history":[{"count":2,"href":"https:\/\/www.sv-listrup.de\/index.php?rest_route=\/wp\/v2\/pages\/134\/revisions"}],"predecessor-version":[{"id":389,"href":"https:\/\/www.sv-listrup.de\/index.php?rest_route=\/wp\/v2\/pages\/134\/revisions\/389"}],"wp:attachment":[{"href":"https:\/\/www.sv-listrup.de\/index.php?rest_route=%2Fwp%2Fv2%2Fmedia&parent=134"}],"curies":[{"name":"wp","href":"https:\/\/api.w.org\/{rel}","templated":true}]}}