{"id":17,"date":"2015-02-06T17:13:02","date_gmt":"2015-02-06T17:13:02","guid":{"rendered":"http:\/\/sv-listrup.de\/?page_id=17"},"modified":"2020-05-12T09:04:50","modified_gmt":"2020-05-12T07:04:50","slug":"fussball","status":"publish","type":"page","link":"https:\/\/www.sv-listrup.de\/?page_id=17","title":{"rendered":"Fussball"},"content":{"rendered":"<h2 style=\"text-align: center;\"><em>Spielvorschau f\u00fcr die n\u00e4chsten Kalendarwochen!<\/em><\/h2>\n<p style=\"text-align: center;\">Alle Angaben ohne Gew\u00e4hr!<\/p>\n<p style=\"text-align: center;\">Kurzfristige \u00c4nderungen sind jederzeit m\u00f6glich!<\/p>\n<p style=\"text-align: center;\">Aktueller Spielplan unter <a href=\"http:\/\/www.fussball.de\/homepage#!\/\">www.fussball.de<\/a><\/p>\n\n\n<ul>\n<li>\n<h4><strong><a href=\"https:\/\/www.sv-listrup.de\/?page_id=30\">1.Herren<\/a><\/strong><\/h4>\n<\/li>\n<li>\n<h4><strong><a href=\"https:\/\/www.sv-listrup.de\/?page_id=28\">2.Herren<\/a><\/strong><\/h4>\n<\/li>\n<li>\n<h4><strong><a href=\"https:\/\/www.sv-listrup.de\/?page_id=26\">3.Herren<\/a><\/strong><\/h4>\n<\/li>\n<li>\n<h4><strong><a href=\"https:\/\/www.sv-listrup.de\/?page_id=22\">1.Damen<\/a><\/strong><\/h4>\n<\/li>\n<li>\n<h4><strong><a href=\"https:\/\/www.sv-listrup.de\/?page_id=1054\">2.Damen<\/a><\/strong><\/h4>\n<\/li>\n<li>\n<h4><strong><a href=\"https:\/\/www.sv-listrup.de\/?page_id=24\">Alte Herren<\/a><\/strong><\/h4>\n<\/li>\n<li>\n<h4><strong><a href=\"https:\/\/www.sv-listrup.de\/?page_id=1186\">Jugendspielgemeinschaft (JSG)<\/a><\/strong><\/h4>\n<\/li>\n<li>\n<h4><strong><a href=\"https:\/\/www.sv-listrup.de\/?page_id=1193\">Listruper Jugendmannschaften<\/a><\/strong><\/h4>\n<\/li>\n<\/ul>\n","protected":false},"excerpt":{"rendered":"<p>Spielvorschau f\u00fcr die n\u00e4chsten Kalendarwochen! Alle Angaben ohne Gew\u00e4hr! Kurzfristige \u00c4nderungen sind jederzeit m\u00f6glich! Aktueller Spielplan unter www.fussball.de 1.Herren 2.Herren 3.Herren 1.Damen 2.Damen Alte Herren Jugendspielgemeinschaft (JSG) Listruper Jugendmannschaften<\/p>\n","protected":false},"author":1,"featured_media":0,"parent":0,"menu_order":71,"comment_status":"open","ping_status":"open","template":"sparte_fussball.php","meta":{"footnotes":""},"class_list":["post-17","page","type-page","status-publish","hentry"],"_links":{"self":[{"href":"https:\/\/www.sv-listrup.de\/index.php?rest_route=\/wp\/v2\/pages\/17","targetHints":{"allow":["GET"]}}],"collection":[{"href":"https:\/\/www.sv-listrup.de\/index.php?rest_route=\/wp\/v2\/pages"}],"about":[{"href":"https:\/\/www.sv-listrup.de\/index.php?rest_route=\/wp\/v2\/types\/page"}],"author":[{"embeddable":true,"href":"https:\/\/www.sv-listrup.de\/index.php?rest_route=\/wp\/v2\/users\/1"}],"replies":[{"embeddable":true,"href":"https:\/\/www.sv-listrup.de\/index.php?rest_route=%2Fwp%2Fv2%2Fcomments&post=17"}],"version-history":[{"count":5,"href":"https:\/\/www.sv-listrup.de\/index.php?rest_route=\/wp\/v2\/pages\/17\/revisions"}],"predecessor-version":[{"id":6340,"href":"https:\/\/www.sv-listrup.de\/index.php?rest_route=\/wp\/v2\/pages\/17\/revisions\/6340"}],"wp:attachment":[{"href":"https:\/\/www.sv-listrup.de\/index.php?rest_route=%2Fwp%2Fv2%2Fmedia&parent=17"}],"curies":[{"name":"wp","href":"https:\/\/api.w.org\/{rel}","templated":true}]}}