{"id":22,"date":"2015-02-06T17:13:49","date_gmt":"2015-02-06T17:13:49","guid":{"rendered":"http:\/\/sv-listrup.de\/?page_id=22"},"modified":"2020-09-09T08:23:15","modified_gmt":"2020-09-09T06:23:15","slug":"1-damenmannschaft","status":"publish","type":"page","link":"https:\/\/www.sv-listrup.de\/?page_id=22","title":{"rendered":"1. Damen"},"content":{"rendered":"<h2 style=\"text-align: center;\">1. Damen<\/h2>\n<p style=\"text-align: center;\"><a href=\"http:\/\/www.fupa.net\/liga\/frauen-bezirksliga-weser-ems-sued\/tabelle\">Tabelle<\/a> | <a href=\"http:\/\/www.fupa.net\/liga\/frauen-bezirksliga-weser-ems-sued\/spielplan\">Ergebnisse<\/a> | <a href=\"http:\/\/www.fupa.net\/liga\/frauen-bezirksliga-weser-ems-sued\/spielplan\">Spielplan<\/a> | <a href=\"Damen@sv-listrup.de\">Kontakt<\/a><\/p>\n<p style=\"text-align: center;\">\n<p style=\"text-align: center;\">\n<p style=\"text-align: center;\"><a href=\"https:\/\/www.sv-listrup.de\/wp-content\/uploads\/2020\/09\/118921815_4446991418707974_2212111025300551029_n.jpg\"><img loading=\"lazy\" decoding=\"async\" class=\"aligncenter wp-image-6627 size-full\" src=\"https:\/\/www.sv-listrup.de\/wp-content\/uploads\/2020\/09\/118921815_4446991418707974_2212111025300551029_n.jpg\" alt=\"\" width=\"960\" height=\"640\" srcset=\"https:\/\/www.sv-listrup.de\/wp-content\/uploads\/2020\/09\/118921815_4446991418707974_2212111025300551029_n.jpg 960w, https:\/\/www.sv-listrup.de\/wp-content\/uploads\/2020\/09\/118921815_4446991418707974_2212111025300551029_n-300x200.jpg 300w, https:\/\/www.sv-listrup.de\/wp-content\/uploads\/2020\/09\/118921815_4446991418707974_2212111025300551029_n-768x512.jpg 768w\" sizes=\"auto, (max-width: 960px) 100vw, 960px\" \/><\/a>Auf dem Bild der aktuelle Kader der Saison 2020\/21:<br \/>\nOben von links: Julia Glasfort, Laura Berger, Nina Wahnelt, Alison Lohm\u00f6ller, Isabell Wahnelt.<br \/>\nMitte von links: Laura Kostka, Selina Holle, Luisa Schulte, Meike Seggering, Maja Altevolmer, Matthias R\u00f6ttering.<br \/>\nUnten von links: Dorina Jansen, Tina Poppenborg, Meret K\u00fcnnemann, Lea Faller, Annemarie H\u00fclsing-Stroot, Kristina Egbers, Helen K\u00fcnnemann, Kathrin Altenschulte, Saskia Upmann.<br \/>\nEs fehlen: Hendrik B\u00fcltel, Sara Kr\u00f6ner, Alina M\u00fcscher, Hannah Stein, Tanja Wolbers, Karin Wolter und Miriam Zipf.<\/p>\n","protected":false},"excerpt":{"rendered":"<p>1. Damen Tabelle | Ergebnisse | Spielplan | Kontakt Auf dem Bild der aktuelle Kader der Saison 2020\/21: Oben von links: Julia Glasfort, Laura Berger, Nina Wahnelt, Alison Lohm\u00f6ller, Isabell Wahnelt. Mitte von links: Laura Kostka, Selina Holle, Luisa Schulte, Meike Seggering, Maja Altevolmer, Matthias R\u00f6ttering. Unten von links: Dorina Jansen, Tina Poppenborg, Meret K\u00fcnnemann, Lea Faller, Annemarie H\u00fclsing-Stroot, Kristina Egbers, Helen K\u00fcnnemann, Kathrin Altenschulte, Saskia Upmann. Es fehlen: Hendrik B\u00fcltel, Sara Kr\u00f6ner, Alina M\u00fcscher, Hannah Stein, Tanja Wolbers, Karin Wolter und Miriam Zipf.<\/p>\n","protected":false},"author":1,"featured_media":0,"parent":0,"menu_order":69,"comment_status":"open","ping_status":"open","template":"sparte_senioren_damen.php","meta":{"footnotes":""},"class_list":["post-22","page","type-page","status-publish","hentry"],"_links":{"self":[{"href":"https:\/\/www.sv-listrup.de\/index.php?rest_route=\/wp\/v2\/pages\/22","targetHints":{"allow":["GET"]}}],"collection":[{"href":"https:\/\/www.sv-listrup.de\/index.php?rest_route=\/wp\/v2\/pages"}],"about":[{"href":"https:\/\/www.sv-listrup.de\/index.php?rest_route=\/wp\/v2\/types\/page"}],"author":[{"embeddable":true,"href":"https:\/\/www.sv-listrup.de\/index.php?rest_route=\/wp\/v2\/users\/1"}],"replies":[{"embeddable":true,"href":"https:\/\/www.sv-listrup.de\/index.php?rest_route=%2Fwp%2Fv2%2Fcomments&post=22"}],"version-history":[{"count":10,"href":"https:\/\/www.sv-listrup.de\/index.php?rest_route=\/wp\/v2\/pages\/22\/revisions"}],"predecessor-version":[{"id":6629,"href":"https:\/\/www.sv-listrup.de\/index.php?rest_route=\/wp\/v2\/pages\/22\/revisions\/6629"}],"wp:attachment":[{"href":"https:\/\/www.sv-listrup.de\/index.php?rest_route=%2Fwp%2Fv2%2Fmedia&parent=22"}],"curies":[{"name":"wp","href":"https:\/\/api.w.org\/{rel}","templated":true}]}}