{"id":44,"date":"2015-02-06T17:15:32","date_gmt":"2015-02-06T17:15:32","guid":{"rendered":"http:\/\/sv-listrup.de\/?page_id=44"},"modified":"2019-10-25T18:28:16","modified_gmt":"2019-10-25T16:28:16","slug":"minikicker","status":"publish","type":"page","link":"https:\/\/www.sv-listrup.de\/?page_id=44","title":{"rendered":"Minikicker"},"content":{"rendered":"<p style=\"text-align: left;\"><a href=\"https:\/\/www.sv-listrup.de\/?page_id=122\"><strong><span style=\"font-size: 18pt;\">Ansprechpartner<\/span><\/strong><\/a><\/p>\n\n\n<figure class=\"wp-block-image is-resized\"><img loading=\"lazy\" decoding=\"async\" src=\"https:\/\/www.sv-listrup.de\/wp-content\/uploads\/2019\/10\/IMG-20191025-WA0004-1024x782.jpg\" alt=\"\" class=\"wp-image-5855\" width=\"581\" height=\"443\" srcset=\"https:\/\/www.sv-listrup.de\/wp-content\/uploads\/2019\/10\/IMG-20191025-WA0004-1024x782.jpg 1024w, https:\/\/www.sv-listrup.de\/wp-content\/uploads\/2019\/10\/IMG-20191025-WA0004-300x229.jpg 300w, https:\/\/www.sv-listrup.de\/wp-content\/uploads\/2019\/10\/IMG-20191025-WA0004-768x587.jpg 768w, https:\/\/www.sv-listrup.de\/wp-content\/uploads\/2019\/10\/IMG-20191025-WA0004.jpg 1245w\" sizes=\"auto, (max-width: 581px) 100vw, 581px\" \/><figcaption><strong>Minikicker 2019\/2020<br>Trainer: Andreas T\u00f6nnies, Christian Kl\u00fcmper, J\u00fcrgen Temmen<\/strong><\/figcaption><\/figure>\n","protected":false},"excerpt":{"rendered":"<p>Ansprechpartner<\/p>\n","protected":false},"author":1,"featured_media":0,"parent":0,"menu_order":60,"comment_status":"open","ping_status":"open","template":"sparte_jugend_minikicker.php","meta":{"footnotes":""},"class_list":["post-44","page","type-page","status-publish","hentry"],"_links":{"self":[{"href":"https:\/\/www.sv-listrup.de\/index.php?rest_route=\/wp\/v2\/pages\/44","targetHints":{"allow":["GET"]}}],"collection":[{"href":"https:\/\/www.sv-listrup.de\/index.php?rest_route=\/wp\/v2\/pages"}],"about":[{"href":"https:\/\/www.sv-listrup.de\/index.php?rest_route=\/wp\/v2\/types\/page"}],"author":[{"embeddable":true,"href":"https:\/\/www.sv-listrup.de\/index.php?rest_route=\/wp\/v2\/users\/1"}],"replies":[{"embeddable":true,"href":"https:\/\/www.sv-listrup.de\/index.php?rest_route=%2Fwp%2Fv2%2Fcomments&post=44"}],"version-history":[{"count":9,"href":"https:\/\/www.sv-listrup.de\/index.php?rest_route=\/wp\/v2\/pages\/44\/revisions"}],"predecessor-version":[{"id":5856,"href":"https:\/\/www.sv-listrup.de\/index.php?rest_route=\/wp\/v2\/pages\/44\/revisions\/5856"}],"wp:attachment":[{"href":"https:\/\/www.sv-listrup.de\/index.php?rest_route=%2Fwp%2Fv2%2Fmedia&parent=44"}],"curies":[{"name":"wp","href":"https:\/\/api.w.org\/{rel}","templated":true}]}}