{"id":6970,"date":"2021-04-20T12:14:13","date_gmt":"2021-04-20T10:14:13","guid":{"rendered":"https:\/\/www.sv-listrup.de\/?page_id=6970"},"modified":"2021-04-22T11:52:21","modified_gmt":"2021-04-22T09:52:21","slug":"tennisplatz-kalender","status":"publish","type":"page","link":"https:\/\/www.sv-listrup.de\/?page_id=6970","title":{"rendered":"Tennisplatz-Kalender"},"content":{"rendered":"\n\n<p><span style=\"text-decoration: underline;\">Hallo liebe Tennisfreunde des SVL!<\/span><br \/>Wir haben nun einen <strong>Onlinekalender<\/strong> ins Leben gerufen, damit man von zuhause aus bereits sehen kann, ob der Platz belegt ist.<\/p>\n<p>Bitte beachtet: Es gibt 2 Unterkalender &#8211; f\u00fcr jeden Tennisplatz einen. Solltet ihr beide Pl\u00e4tze ben\u00f6tigen, m\u00fcsst ihr bei der Auswahl des Unterkalenders beide Kalender einzeln ausw\u00e4hlen.<br \/>Wenn nur ein Platz belegt ist, k\u00f6nnt ihr neben der Reservierung auf den Kalender klicken und die gleiche Zeit mit dem anderen Unterkalender (z.B. Platz 2 &#8211; rot) ausw\u00e4hlen.<\/p>\n<p>Bei Fragen meldet euch bei Peter Tewes oder Jonas Berger.<br \/>Wichtig: Bitte beachtet unsere Tennisspielordnung, speziell hinsichtlich Gastspieler! <em><a href=\"https:\/\/www.sv-listrup.de\/?page_id=83\">Tennis-Abteilung SVL- Statuten<\/a><\/em><\/p>\n<p><strong>Um einen neuen Termin einzutragen, klickt einfach in den Kalender.<\/strong> Dann k\u00f6nnt ihr die Uhrzeit und den Platz ausw\u00e4hlen, auf dem ihr spielen wollt. Tragt bitte bei <strong>&#8222;Titel&#8220;<\/strong> euren Namen ein, dann wei\u00df jeder direkt, wer den Platz belegt. Unter <strong>&#8222;Wer&#8220;<\/strong> m\u00fcssen alle Spieler eingetragen werden, die mit euch spielen werden.<\/p>\n<p><iframe loading=\"lazy\" src=\"https:\/\/kalender.digital\/8242e3850e7eaa026b50?iframe=true\" width=\"100%\" height=\"750px\" frameborder=\"0\"><\/iframe><\/p>\n<p><strong>Termin stornieren\/l\u00f6schen?<\/strong> Das k\u00f6nnt ihr unter folgenden Link:<br \/><em><a href=\"https:\/\/kalender.digital\/c7ff3cfbe54c184936b8\">Kalendereintr\u00e4ge l\u00f6schen\/bearbeiten<\/a><\/em><\/p>\n<p>(Es d\u00fcrfen nur die eigenen Eintr\u00e4ge gel\u00f6scht werden. Zuwiderhandeln kann mit dem Ausschluss vom Spielen bestraft werden.)<\/p>\n<p><strong>Wichtig:<\/strong> Sollten zwei Gruppen gleichzeitig am Platz sein, ist nat\u00fcrlich die Gruppe spielberechtigt, die sich auch in den Kalender eingetragen hat. Nur so macht dieser Kalender auch Sinn.<\/p>\n<p>\u00a0<\/p>\n<p>Gru\u00df der Vorstand!<\/p>","protected":false},"excerpt":{"rendered":"<p>Hallo liebe Tennisfreunde des SVL!Wir haben nun einen Onlinekalender ins Leben gerufen, damit man von zuhause aus bereits sehen kann, ob der Platz belegt ist. Bitte beachtet: Es gibt 2 Unterkalender &#8211; f\u00fcr jeden Tennisplatz einen. Solltet ihr beide Pl\u00e4tze ben\u00f6tigen, m\u00fcsst ihr bei der Auswahl des Unterkalenders beide Kalender einzeln ausw\u00e4hlen.Wenn nur ein Platz belegt ist, k\u00f6nnt ihr neben der Reservierung auf den Kalender klicken und die gleiche Zeit mit dem anderen Unterkalender (z.B. Platz 2 &#8211; rot) ausw\u00e4hlen. Bei Fragen meldet euch bei Peter Tewes oder Jonas Berger.Wichtig: Bitte beachtet unsere Tennisspielordnung, speziell hinsichtlich Gastspieler! Tennis-Abteilung SVL- Statuten Um einen neuen Termin einzutragen, klickt einfach in den Kalender. Dann k\u00f6nnt ihr die Uhrzeit und den Platz ausw\u00e4hlen, auf dem ihr spielen wollt. Tragt bitte bei &#8222;Titel&#8220; euren Namen ein, dann wei\u00df jeder direkt, wer den Platz belegt. Unter &#8222;Wer&#8220; m\u00fcssen alle Spieler eingetragen werden, die mit euch spielen werden. Termin stornieren\/l\u00f6schen? Das k\u00f6nnt ihr unter folgenden Link:Kalendereintr\u00e4ge l\u00f6schen\/bearbeiten (Es d\u00fcrfen nur die eigenen Eintr\u00e4ge gel\u00f6scht werden. Zuwiderhandeln kann mit dem Ausschluss vom Spielen bestraft werden.) Wichtig: Sollten zwei [&hellip;]<\/p>\n","protected":false},"author":7,"featured_media":0,"parent":0,"menu_order":1,"comment_status":"closed","ping_status":"closed","template":"","meta":{"footnotes":""},"class_list":["post-6970","page","type-page","status-publish","hentry"],"_links":{"self":[{"href":"https:\/\/www.sv-listrup.de\/index.php?rest_route=\/wp\/v2\/pages\/6970","targetHints":{"allow":["GET"]}}],"collection":[{"href":"https:\/\/www.sv-listrup.de\/index.php?rest_route=\/wp\/v2\/pages"}],"about":[{"href":"https:\/\/www.sv-listrup.de\/index.php?rest_route=\/wp\/v2\/types\/page"}],"author":[{"embeddable":true,"href":"https:\/\/www.sv-listrup.de\/index.php?rest_route=\/wp\/v2\/users\/7"}],"replies":[{"embeddable":true,"href":"https:\/\/www.sv-listrup.de\/index.php?rest_route=%2Fwp%2Fv2%2Fcomments&post=6970"}],"version-history":[{"count":30,"href":"https:\/\/www.sv-listrup.de\/index.php?rest_route=\/wp\/v2\/pages\/6970\/revisions"}],"predecessor-version":[{"id":7015,"href":"https:\/\/www.sv-listrup.de\/index.php?rest_route=\/wp\/v2\/pages\/6970\/revisions\/7015"}],"wp:attachment":[{"href":"https:\/\/www.sv-listrup.de\/index.php?rest_route=%2Fwp%2Fv2%2Fmedia&parent=6970"}],"curies":[{"name":"wp","href":"https:\/\/api.w.org\/{rel}","templated":true}]}}