{"id":79,"date":"2015-02-06T17:26:54","date_gmt":"2015-02-06T17:26:54","guid":{"rendered":"http:\/\/sv-listrup.de\/?page_id=79"},"modified":"2015-02-23T12:05:35","modified_gmt":"2015-02-23T12:05:35","slug":"tennis-entstehung","status":"publish","type":"page","link":"https:\/\/www.sv-listrup.de\/?page_id=79","title":{"rendered":"Tennis &#8211; Entstehung"},"content":{"rendered":"<h1 align=\"center\">Die Entstehung der Tennisabteilung*<\/h1>\n<p align=\"left\">Nach den tollen internationalen Erfolgen der Deutschen Tennisstars &#8222;Steffi&#8220; (Graf) und &#8222;Boris&#8220; (Becker) in den 80er Jahren wurde auch in unserem Sportverein dem allerorts wachsenden Tennisboom Rechnung getragen.<\/p>\n<p> Nachdem etwa 140 Sportler ihr Interesse am Tennisspielen bekundet hatten, konnte mit den Planungen bzw. den Finanzierungsfragen begonnen werden.<\/p>\n<p> Der damalige 1. Vorsitzende, Bernhard Hindrichs, konnte nach vielen Verhandlungen mit den verschiedenen Institutionen , wie der Gemeinde Emsb\u00fcren, dem Kreissportbund usw. das n\u00f6tige Kleingeld &#8222;lockermachen&#8220;, um auch in unserem beschaulichen Emsdorf das Tennisspielen zu erm\u00f6glichen.<\/p>\n<p> Auch die Grundst\u00fccksfrage war zwischenzeitlich gekl\u00e4rt, so dass nach \u00fcber drei Jahren die Baugenehmigung endlich vorlag und mit dem Bau der Tennisanlage in Nachbarschaft zu den bestehenden Vereins-Sportpl\u00e4tzen begonnen werden konnte. Mit Beginn der Spiele rechnete man im Fr\u00fchjahr\/Sommer 1993. Am 26. Februar 1993 war es dann soweit: die Tennisabteilung wurde gegr\u00fcndet. Die Er\u00f6ffnungsfeier fand am 30. April 1993 statt. Noch im selben Jahr z\u00e4hlte man bereits 150 Mitglieder f\u00fcr die Tennisabteilung. Das Interesse nach der Fertigstellung war so gro\u00df, dass bei der Generalversammlung der Tennisabteilung am 13. April 1994 ein Aufnahmestop verh\u00e4ngt werden musste, der bis ca. 1995 bestand, da sonst die Kapazit\u00e4t der Anlage \u00fcberschritten w\u00e4re, Betrug doch die Mitgliederzahl mittlerweile 180. Mehr konnten beim besten Willen nicht verkraftet werden.<\/p>\n<p align=\"left\">1994 wurden u.a. auch Freundschaftsspiele ausgetragen, z.B. spielten die Herren gegen den VFB Rheine. Sie verloren allerdings. Anders erging es der Jugend, die ihr Match gegen Leschede damals gewann.<\/p>\n<p align=\"left\">Bei Bedarf wurden nat\u00fcrlich auch Trainerstunden gegeben. Am Anfang stand hierf\u00fcr Georg Rottmann zur Verf\u00fcgung, sp\u00e4ter dann Rainer B\u00fcnker und Hermann Ehling. In der Winterpause wird das Training f\u00fcr Jugendliche in den Tennishallen von Emsb\u00fcren weitergef\u00fchrt. Au\u00dferdem gibt es &#8211; wie sollte es auch anders sein- in regelm\u00e4\u00dfigen Abst\u00e4nden w\u00e4hrend der ruhigen Winterzeit gem\u00fctliche Tennisabende, etwa in der Tennishalle am Delsen in Rheine oder auch mal in Sch\u00fcttorf. So ist auch im Winter sichergestellt, dass das Leistungsniveau gehalten und\u00a0 der Zusammenhalt gefestigt wird.<\/p>\n<p align=\"left\">F\u00fcr das &#8222;Salz in der Suppe&#8220; sorgten die vereinsinternen Meisterschaften und Schleifchenturniere, die sich immer reger Beteiligung erfreuten. Beginn des Jahres 1999 betrug die aktuelle Mitgliederzahl rund 190 Personen.\u00a0<\/p>\n<p>*<i> Artikel aus &#8222;Stationen unserer Vereinsgeschichte&#8220; welche anl\u00e4sslich des 50. j\u00e4hrigen\u00a0 Vereinsjubil\u00e4um 1999 in einer Chronik zusammengefasst wurden.<\/i><\/p>\n","protected":false},"excerpt":{"rendered":"<p>Die Entstehung der Tennisabteilung* Nach den tollen internationalen Erfolgen der Deutschen Tennisstars &#8222;Steffi&#8220; (Graf) und &#8222;Boris&#8220; (Becker) in den 80er Jahren wurde auch in unserem Sportverein dem allerorts wachsenden Tennisboom Rechnung getragen. Nachdem etwa 140 Sportler ihr Interesse am Tennisspielen bekundet hatten, konnte mit den Planungen bzw. den Finanzierungsfragen begonnen werden. Der damalige 1. Vorsitzende, Bernhard Hindrichs, konnte nach vielen Verhandlungen mit den verschiedenen Institutionen , wie der Gemeinde Emsb\u00fcren, dem Kreissportbund usw. das n\u00f6tige Kleingeld &#8222;lockermachen&#8220;, um auch in unserem beschaulichen Emsdorf das Tennisspielen zu erm\u00f6glichen. Auch die Grundst\u00fccksfrage war zwischenzeitlich gekl\u00e4rt, so dass nach \u00fcber drei Jahren die Baugenehmigung endlich vorlag und mit dem Bau der Tennisanlage in Nachbarschaft zu den bestehenden Vereins-Sportpl\u00e4tzen begonnen werden konnte. Mit Beginn der Spiele rechnete man im Fr\u00fchjahr\/Sommer 1993. Am 26. Februar 1993 war es dann soweit: die Tennisabteilung wurde gegr\u00fcndet. Die Er\u00f6ffnungsfeier fand am 30. April 1993 statt. Noch im selben Jahr z\u00e4hlte man bereits 150 Mitglieder f\u00fcr die Tennisabteilung. Das Interesse nach der Fertigstellung war so gro\u00df, dass bei der Generalversammlung der Tennisabteilung am 13. April 1994 ein Aufnahmestop verh\u00e4ngt [&hellip;]<\/p>\n","protected":false},"author":1,"featured_media":0,"parent":0,"menu_order":51,"comment_status":"open","ping_status":"open","template":"","meta":{"footnotes":""},"class_list":["post-79","page","type-page","status-publish","hentry"],"_links":{"self":[{"href":"https:\/\/www.sv-listrup.de\/index.php?rest_route=\/wp\/v2\/pages\/79","targetHints":{"allow":["GET"]}}],"collection":[{"href":"https:\/\/www.sv-listrup.de\/index.php?rest_route=\/wp\/v2\/pages"}],"about":[{"href":"https:\/\/www.sv-listrup.de\/index.php?rest_route=\/wp\/v2\/types\/page"}],"author":[{"embeddable":true,"href":"https:\/\/www.sv-listrup.de\/index.php?rest_route=\/wp\/v2\/users\/1"}],"replies":[{"embeddable":true,"href":"https:\/\/www.sv-listrup.de\/index.php?rest_route=%2Fwp%2Fv2%2Fcomments&post=79"}],"version-history":[{"count":2,"href":"https:\/\/www.sv-listrup.de\/index.php?rest_route=\/wp\/v2\/pages\/79\/revisions"}],"predecessor-version":[{"id":240,"href":"https:\/\/www.sv-listrup.de\/index.php?rest_route=\/wp\/v2\/pages\/79\/revisions\/240"}],"wp:attachment":[{"href":"https:\/\/www.sv-listrup.de\/index.php?rest_route=%2Fwp%2Fv2%2Fmedia&parent=79"}],"curies":[{"name":"wp","href":"https:\/\/api.w.org\/{rel}","templated":true}]}}