{"id":87,"date":"2015-02-06T17:27:30","date_gmt":"2015-02-06T17:27:30","guid":{"rendered":"http:\/\/sv-listrup.de\/?page_id=87"},"modified":"2023-02-18T10:29:15","modified_gmt":"2023-02-18T09:29:15","slug":"vorstand-funktionstraeger","status":"publish","type":"page","link":"https:\/\/www.sv-listrup.de\/?page_id=87","title":{"rendered":"Vorstand &#8211; Funktionstr\u00e4ger"},"content":{"rendered":"\n<h2 class=\"wp-block-heading\">Funktionstr\u00e4ger des SV Listrup<\/h2>\n\n\n\n<h2 class=\"wp-block-heading\">\u00a0<\/h2>\n\n\n\n<figure class=\"wp-block-image size-large\"><a href=\"https:\/\/www.sv-listrup.de\/wp-content\/uploads\/2022\/05\/4C458259-2452-468D-B80F-79E6CB2651EA.jpeg\"><img loading=\"lazy\" decoding=\"async\" width=\"1024\" height=\"768\" src=\"https:\/\/www.sv-listrup.de\/wp-content\/uploads\/2022\/05\/4C458259-2452-468D-B80F-79E6CB2651EA-1024x768.jpeg\" alt=\"\" class=\"wp-image-7640\" srcset=\"https:\/\/www.sv-listrup.de\/wp-content\/uploads\/2022\/05\/4C458259-2452-468D-B80F-79E6CB2651EA-1024x768.jpeg 1024w, https:\/\/www.sv-listrup.de\/wp-content\/uploads\/2022\/05\/4C458259-2452-468D-B80F-79E6CB2651EA-300x225.jpeg 300w, https:\/\/www.sv-listrup.de\/wp-content\/uploads\/2022\/05\/4C458259-2452-468D-B80F-79E6CB2651EA-768x576.jpeg 768w, https:\/\/www.sv-listrup.de\/wp-content\/uploads\/2022\/05\/4C458259-2452-468D-B80F-79E6CB2651EA-1536x1152.jpeg 1536w, https:\/\/www.sv-listrup.de\/wp-content\/uploads\/2022\/05\/4C458259-2452-468D-B80F-79E6CB2651EA.jpeg 2048w\" sizes=\"auto, (max-width: 1024px) 100vw, 1024px\" \/><\/a><\/figure>\n\n\n\n<p class=\"has-text-align-center\"><em>1. Vorsitzender: <strong>Markus Meyering <\/strong><\/em><\/p>\n\n\n\n<p class=\"has-text-align-center\"><em>2. Vorsitzender:<\/em> <b><i>Andreas Tewes<\/i><\/b><\/p>\n\n\n\n<p class=\"has-text-align-center\"><em>3. Vorsitzende:<\/em> <strong><em>Jonas Berger<\/em><\/strong><\/p>\n\n\n\n<p class=\"has-text-align-center\"><em>Kassenwartin: <strong>Silvia Duitz <\/strong><\/em><\/p>\n\n\n\n<p class=\"has-text-align-center\"><em>Schriftf\u00fchrer:<\/em> <strong><em>Christina Egbers<\/em><\/strong><\/p>\n\n\n\n<p class=\"has-text-align-center\"><em>Gesch\u00e4ftsf\u00fchrer allgemein: <b>Felix M\u00fcller<\/b><\/em><\/p>\n\n\n\n<p class=\"has-text-align-center\"><em>Fu\u00dfballobmann : <strong>Andreas Lohm\u00f6ller<\/strong><\/em><\/p>\n\n\n\n<p class=\"has-text-align-center\"><em>Beisitzer: <strong>Meike Seggering<\/strong><\/em><\/p>\n\n\n\n<p class=\"has-text-align-center\">Beisitzer: <strong>Stefan Dust&nbsp;<\/strong><\/p>\n\n\n\n<p class=\"has-text-align-center\"><span style=\"text-decoration: underline;\"><span style=\"font-size: 10pt;\"><em>Nicht auf Foto: Jugendbereich, siehe Jugendvorstand<\/em><\/span><\/span><\/p>\n\n\n","protected":false},"excerpt":{"rendered":"<p>Funktionstr\u00e4ger des SV Listrup \u00a0 1. Vorsitzender: Markus Meyering 2. Vorsitzender: Andreas Tewes 3. Vorsitzende: Jonas Berger Kassenwartin: Silvia Duitz Schriftf\u00fchrer: Christina Egbers Gesch\u00e4ftsf\u00fchrer allgemein: Felix M\u00fcller Fu\u00dfballobmann : Andreas Lohm\u00f6ller Beisitzer: Meike Seggering Beisitzer: Stefan Dust&nbsp; Nicht auf Foto: Jugendbereich, siehe Jugendvorstand<\/p>\n","protected":false},"author":1,"featured_media":0,"parent":0,"menu_order":47,"comment_status":"open","ping_status":"open","template":"","meta":{"footnotes":""},"class_list":["post-87","page","type-page","status-publish","hentry"],"_links":{"self":[{"href":"https:\/\/www.sv-listrup.de\/index.php?rest_route=\/wp\/v2\/pages\/87","targetHints":{"allow":["GET"]}}],"collection":[{"href":"https:\/\/www.sv-listrup.de\/index.php?rest_route=\/wp\/v2\/pages"}],"about":[{"href":"https:\/\/www.sv-listrup.de\/index.php?rest_route=\/wp\/v2\/types\/page"}],"author":[{"embeddable":true,"href":"https:\/\/www.sv-listrup.de\/index.php?rest_route=\/wp\/v2\/users\/1"}],"replies":[{"embeddable":true,"href":"https:\/\/www.sv-listrup.de\/index.php?rest_route=%2Fwp%2Fv2%2Fcomments&post=87"}],"version-history":[{"count":15,"href":"https:\/\/www.sv-listrup.de\/index.php?rest_route=\/wp\/v2\/pages\/87\/revisions"}],"predecessor-version":[{"id":8175,"href":"https:\/\/www.sv-listrup.de\/index.php?rest_route=\/wp\/v2\/pages\/87\/revisions\/8175"}],"wp:attachment":[{"href":"https:\/\/www.sv-listrup.de\/index.php?rest_route=%2Fwp%2Fv2%2Fmedia&parent=87"}],"curies":[{"name":"wp","href":"https:\/\/api.w.org\/{rel}","templated":true}]}}