{"id":89,"date":"2015-02-06T17:27:37","date_gmt":"2015-02-06T17:27:37","guid":{"rendered":"http:\/\/sv-listrup.de\/?page_id=89"},"modified":"2016-07-30T09:20:53","modified_gmt":"2016-07-30T09:20:53","slug":"vorstand-lottoclub","status":"publish","type":"page","link":"https:\/\/www.sv-listrup.de\/?page_id=89","title":{"rendered":"Vorstand &#8211; Lottoclub"},"content":{"rendered":"<h2 style=\"text-align: center;\"><strong>Lottoclub des SV Listrup<\/strong><\/h2>\n<p style=\"text-align: center;\">Der Lottoclub besteht aus maximal 49 Mitgliedern, von denen jedes Mitglied Inhaber einer Zahl von 1 bis 49 ist. <br \/> Beitrag betr\u00e4gt je Mitglied 1,- \u20ac pro Woche. Der Lottoclub beteiligt sich an der Samstagsziehung 6 aus 49 des deutschen Lottoblocks. Die 6 Mitspieler, deren Zahl in der jeweiligen Samstagsziehung gezogen wird, bekommen jeweils 4,-\u20ac auf ihrem Konto gutgeschrieben.<\/p>\n<p style=\"text-align: center;\">Zum <a title=\"Lottoclub \u2013 Tippzettel\" href=\"https:\/\/www.sv-listrup.de\/?page_id=283\">Tippzettel <\/a>| <a title=\"Lottoclub \u2013 Statuten\" href=\"https:\/\/www.sv-listrup.de\/?page_id=286\">Statuten<\/a><\/p>\n<p style=\"text-align: center;\">\u00a0<\/p>\n<hr \/>\n<p>&nbsp;<\/p>\n<p>&nbsp;<\/p>\n<p>&nbsp;<\/p>\n<table class=\"aligncenter\" style=\"height: 1517px; border-color: #242424;\" border=\"1\" width=\"825\">\n<tbody>\n<tr>\n<td style=\"width: 275px; text-align: center;\"><strong>Zusatzzahl<\/strong><\/td>\n<td style=\"width: 275px; text-align: center;\"><strong>Vorname<\/strong><\/td>\n<td style=\"width: 275px; text-align: center;\"><strong>Name<\/strong><\/td>\n<\/tr>\n<tr>\n<td style=\"text-align: center;\">1<\/td>\n<td style=\"text-align: center;\">Gerd<\/td>\n<td style=\"text-align: center;\">Oldeweme<\/td>\n<\/tr>\n<tr>\n<td style=\"text-align: center;\">2<\/td>\n<td style=\"text-align: center;\">Karl Heinz<\/td>\n<td style=\"text-align: center;\">Drees<\/td>\n<\/tr>\n<tr>\n<td style=\"text-align: center;\">3<\/td>\n<td style=\"text-align: center;\">Udo<\/td>\n<td style=\"text-align: center;\">H\u00fclsing<\/td>\n<\/tr>\n<tr>\n<td style=\"text-align: center;\">4<\/td>\n<td style=\"text-align: center;\">Martin<\/td>\n<td style=\"text-align: center;\">Otting<\/td>\n<\/tr>\n<tr>\n<td style=\"text-align: center;\">5<\/td>\n<td style=\"text-align: center;\">Matthias<\/td>\n<td style=\"text-align: center;\">Kues<\/td>\n<\/tr>\n<tr>\n<td style=\"text-align: center;\">6<\/td>\n<td style=\"text-align: center;\">Bernhard<\/td>\n<td style=\"text-align: center;\">D\u00fctz<\/td>\n<\/tr>\n<tr>\n<td style=\"text-align: center;\">7<\/td>\n<td style=\"text-align: center;\">Franz<\/td>\n<td style=\"text-align: center;\">Hindricks<\/td>\n<\/tr>\n<tr>\n<td style=\"text-align: center;\">8<\/td>\n<td style=\"text-align: center;\">Werner<\/td>\n<td style=\"text-align: center;\">Meyering<\/td>\n<\/tr>\n<tr>\n<td style=\"text-align: center;\">9<\/td>\n<td style=\"text-align: center;\">Gerd<\/td>\n<td style=\"text-align: center;\">Giesken<\/td>\n<\/tr>\n<tr>\n<td style=\"text-align: center;\">10<\/td>\n<td style=\"text-align: center;\">Martin<\/td>\n<td style=\"text-align: center;\">Holle<\/td>\n<\/tr>\n<tr>\n<td style=\"text-align: center;\">\u00a011<\/td>\n<td style=\"text-align: center;\">Albert<\/td>\n<td style=\"text-align: center;\">\u00a0Schulte v. W.<\/td>\n<\/tr>\n<tr>\n<td style=\"text-align: center;\">12<\/td>\n<td style=\"text-align: center;\">Ludwig<\/td>\n<td style=\"text-align: center;\">Berger<\/td>\n<\/tr>\n<tr>\n<td style=\"text-align: center;\">13<\/td>\n<td style=\"text-align: center;\">Werner<\/td>\n<td style=\"text-align: center;\">B\u00fcnker<\/td>\n<\/tr>\n<tr>\n<td style=\"text-align: center;\">14<\/td>\n<td style=\"text-align: center;\">Heiner<\/td>\n<td style=\"text-align: center;\">Berger<\/td>\n<\/tr>\n<tr>\n<td style=\"text-align: center;\">15<\/td>\n<td style=\"text-align: center;\">Silvia<\/td>\n<td style=\"text-align: center;\">Duitz<\/td>\n<\/tr>\n<tr>\n<td style=\"text-align: center;\">16<\/td>\n<td style=\"text-align: center;\">Norbert<\/td>\n<td style=\"text-align: center;\">Wesenberg<\/td>\n<\/tr>\n<tr>\n<td style=\"text-align: center;\">17<\/td>\n<td style=\"text-align: center;\">Bernhard<\/td>\n<td style=\"text-align: center;\">B\u00fcnker<\/td>\n<\/tr>\n<tr>\n<td style=\"text-align: center;\">18<\/td>\n<td style=\"text-align: center;\">Heiner<\/td>\n<td style=\"text-align: center;\">Feldmann<\/td>\n<\/tr>\n<tr>\n<td style=\"text-align: center;\">19<\/td>\n<td style=\"text-align: center;\">Gerd<\/td>\n<td style=\"text-align: center;\">Schulte v. W.<\/td>\n<\/tr>\n<tr>\n<td style=\"text-align: center;\">20<\/td>\n<td style=\"text-align: center;\">Andreas\u00a0<\/td>\n<td style=\"text-align: center;\">\u00a0Otting<\/td>\n<\/tr>\n<tr>\n<td style=\"text-align: center;\">21<\/td>\n<td style=\"text-align: center;\">Martin<\/td>\n<td style=\"text-align: center;\">H\u00fclsing<\/td>\n<\/tr>\n<tr>\n<td style=\"text-align: center;\">\u00a022<\/td>\n<td style=\"text-align: center;\">\u00a0Bernhard<\/td>\n<td style=\"text-align: center;\">\u00a0Rreiners<\/td>\n<\/tr>\n<tr>\n<td style=\"text-align: center;\">23<\/td>\n<td style=\"text-align: center;\">Pierre<\/td>\n<td style=\"text-align: center;\">B\u00fclter<\/td>\n<\/tr>\n<tr>\n<td style=\"text-align: center;\">24<\/td>\n<td style=\"text-align: center;\">Heribert<\/td>\n<td style=\"text-align: center;\">Midden<\/td>\n<\/tr>\n<tr>\n<td style=\"text-align: center;\">25<\/td>\n<td style=\"text-align: center;\">Werner<\/td>\n<td style=\"text-align: center;\">Pl\u00fcth<\/td>\n<\/tr>\n<tr>\n<td style=\"text-align: center;\">26<\/td>\n<td style=\"text-align: center;\">Alfred<\/td>\n<td style=\"text-align: center;\">Evers<\/td>\n<\/tr>\n<tr>\n<td style=\"text-align: center;\">27<\/td>\n<td style=\"text-align: center;\">Klaus<\/td>\n<td style=\"text-align: center;\">Wilmes<\/td>\n<\/tr>\n<tr>\n<td style=\"text-align: center;\">28<\/td>\n<td style=\"text-align: center;\">Bernhard<\/td>\n<td style=\"text-align: center;\">Holtel<\/td>\n<\/tr>\n<tr>\n<td style=\"text-align: center;\">29<\/td>\n<td style=\"text-align: center;\">Franz Josef<\/td>\n<td style=\"text-align: center;\">H\u00fclsing<\/td>\n<\/tr>\n<tr>\n<td style=\"text-align: center;\">30<\/td>\n<td style=\"text-align: center;\">Reinhold<\/td>\n<td style=\"text-align: center;\">B\u00fcnker<\/td>\n<\/tr>\n<tr>\n<td style=\"text-align: center;\">31<\/td>\n<td style=\"text-align: center;\">Kai<\/td>\n<td style=\"text-align: center;\">Speer<\/td>\n<\/tr>\n<tr>\n<td style=\"text-align: center;\">32<\/td>\n<td style=\"text-align: center;\">Peter<\/td>\n<td style=\"text-align: center;\">Tewes<\/td>\n<\/tr>\n<tr>\n<td style=\"text-align: center;\">33<\/td>\n<td style=\"text-align: center;\">Ludger<\/td>\n<td style=\"text-align: center;\">B\u00fcnker<\/td>\n<\/tr>\n<tr>\n<td style=\"text-align: center;\">34<\/td>\n<td style=\"text-align: center;\">Josef<\/td>\n<td style=\"text-align: center;\">Berger<\/td>\n<\/tr>\n<tr>\n<td style=\"text-align: center;\">35<\/td>\n<td style=\"text-align: center;\">Andreas<\/td>\n<td style=\"text-align: center;\">Lohm\u00f6ller<\/td>\n<\/tr>\n<tr>\n<td style=\"text-align: center;\">36<\/td>\n<td style=\"text-align: center;\">Ansgar<\/td>\n<td style=\"text-align: center;\">J\u00e4ckering<\/td>\n<\/tr>\n<tr>\n<td style=\"text-align: center;\">37<\/td>\n<td style=\"text-align: center;\">Christian<\/td>\n<td style=\"text-align: center;\">Loh<\/td>\n<\/tr>\n<tr>\n<td style=\"text-align: center;\">38<\/td>\n<td style=\"text-align: center;\">Alfons<\/td>\n<td style=\"text-align: center;\">Duitz<\/td>\n<\/tr>\n<tr>\n<td style=\"text-align: center;\">39<\/td>\n<td style=\"text-align: center;\">Gerd<\/td>\n<td style=\"text-align: center;\">B\u00fcnker<\/td>\n<\/tr>\n<tr>\n<td style=\"text-align: center;\">40<\/td>\n<td style=\"text-align: center;\">Heinz<\/td>\n<td style=\"text-align: center;\">Hagspihl<\/td>\n<\/tr>\n<tr>\n<td style=\"text-align: center;\">41<\/td>\n<td style=\"text-align: center;\">Andreas<\/td>\n<td style=\"text-align: center;\">Tewes<\/td>\n<\/tr>\n<tr>\n<td style=\"text-align: center;\">42<\/td>\n<td style=\"text-align: center;\">Johannes<\/td>\n<td style=\"text-align: center;\">Weber<\/td>\n<\/tr>\n<tr>\n<td style=\"text-align: center;\">43<\/td>\n<td style=\"text-align: center;\">Hermann-Josef<\/td>\n<td style=\"text-align: center;\">Thyen<\/td>\n<\/tr>\n<tr>\n<td style=\"text-align: center;\">44<\/td>\n<td style=\"text-align: center;\">\u00a0Gerd<\/td>\n<td style=\"text-align: center;\">\u00a0Heuking<\/td>\n<\/tr>\n<tr>\n<td style=\"text-align: center;\">45<\/td>\n<td style=\"text-align: center;\">Bernhard<\/td>\n<td style=\"text-align: center;\">Otting<\/td>\n<\/tr>\n<tr>\n<td style=\"text-align: center;\">46<\/td>\n<td style=\"text-align: center;\">Leonhard<\/td>\n<td style=\"text-align: center;\">R\u00f6ttger<\/td>\n<\/tr>\n<tr>\n<td style=\"text-align: center;\">47<\/td>\n<td style=\"text-align: center;\">Ludger<\/td>\n<td style=\"text-align: center;\">H\u00fclsing<\/td>\n<\/tr>\n<tr>\n<td style=\"text-align: center;\">48<\/td>\n<td style=\"text-align: center;\">Herbert<\/td>\n<td style=\"text-align: center;\">Wilmes<\/td>\n<\/tr>\n<tr>\n<td style=\"text-align: center;\">49<\/td>\n<td style=\"text-align: center;\">Thorsten<\/td>\n<td style=\"text-align: center;\">Kues<\/td>\n<\/tr>\n<\/tbody>\n<\/table>\n<p>&nbsp;<\/p>\n<p>&nbsp;<\/p>\n<p>&nbsp;<\/p>\n<p>&nbsp;<\/p>\n<p>&nbsp;<\/p>\n","protected":false},"excerpt":{"rendered":"<p>Lottoclub des SV Listrup Der Lottoclub besteht aus maximal 49 Mitgliedern, von denen jedes Mitglied Inhaber einer Zahl von 1 bis 49 ist. Beitrag betr\u00e4gt je Mitglied 1,- \u20ac pro Woche. Der Lottoclub beteiligt sich an der Samstagsziehung 6 aus 49 des deutschen Lottoblocks. Die 6 Mitspieler, deren Zahl in der jeweiligen Samstagsziehung gezogen wird, bekommen jeweils 4,-\u20ac auf ihrem Konto gutgeschrieben. Zum Tippzettel | Statuten \u00a0 &nbsp; &nbsp; &nbsp; Zusatzzahl Vorname Name 1 Gerd Oldeweme 2 Karl Heinz Drees 3 Udo H\u00fclsing 4 Martin Otting 5 Matthias Kues 6 Bernhard D\u00fctz 7 Franz Hindricks 8 Werner Meyering 9 Gerd Giesken 10 Martin Holle \u00a011 Albert \u00a0Schulte v. W. 12 Ludwig Berger 13 Werner B\u00fcnker 14 Heiner Berger 15 Silvia Duitz 16 Norbert Wesenberg 17 Bernhard B\u00fcnker 18 Heiner Feldmann 19 Gerd Schulte v. W. 20 Andreas\u00a0 \u00a0Otting 21 Martin H\u00fclsing \u00a022 \u00a0Bernhard \u00a0Rreiners 23 Pierre B\u00fclter 24 Heribert Midden 25 Werner Pl\u00fcth 26 Alfred Evers 27 Klaus Wilmes 28 Bernhard Holtel 29 Franz Josef H\u00fclsing 30 Reinhold B\u00fcnker 31 Kai Speer 32 Peter Tewes 33 Ludger B\u00fcnker 34 Josef [&hellip;]<\/p>\n","protected":false},"author":1,"featured_media":0,"parent":0,"menu_order":46,"comment_status":"open","ping_status":"open","template":"","meta":{"footnotes":""},"class_list":["post-89","page","type-page","status-publish","hentry"],"_links":{"self":[{"href":"https:\/\/www.sv-listrup.de\/index.php?rest_route=\/wp\/v2\/pages\/89","targetHints":{"allow":["GET"]}}],"collection":[{"href":"https:\/\/www.sv-listrup.de\/index.php?rest_route=\/wp\/v2\/pages"}],"about":[{"href":"https:\/\/www.sv-listrup.de\/index.php?rest_route=\/wp\/v2\/types\/page"}],"author":[{"embeddable":true,"href":"https:\/\/www.sv-listrup.de\/index.php?rest_route=\/wp\/v2\/users\/1"}],"replies":[{"embeddable":true,"href":"https:\/\/www.sv-listrup.de\/index.php?rest_route=%2Fwp%2Fv2%2Fcomments&post=89"}],"version-history":[{"count":22,"href":"https:\/\/www.sv-listrup.de\/index.php?rest_route=\/wp\/v2\/pages\/89\/revisions"}],"predecessor-version":[{"id":2003,"href":"https:\/\/www.sv-listrup.de\/index.php?rest_route=\/wp\/v2\/pages\/89\/revisions\/2003"}],"wp:attachment":[{"href":"https:\/\/www.sv-listrup.de\/index.php?rest_route=%2Fwp%2Fv2%2Fmedia&parent=89"}],"curies":[{"name":"wp","href":"https:\/\/api.w.org\/{rel}","templated":true}]}}