{"id":91,"date":"2015-02-06T17:27:45","date_gmt":"2015-02-06T17:27:45","guid":{"rendered":"http:\/\/sv-listrup.de\/?page_id=91"},"modified":"2023-11-03T12:35:31","modified_gmt":"2023-11-03T11:35:31","slug":"vorstand-ehrentafel","status":"publish","type":"page","link":"https:\/\/www.sv-listrup.de\/?page_id=91","title":{"rendered":"Vorstand &#8211; Ehrentafel"},"content":{"rendered":"\n<h2 class=\"wp-block-heading\">\u00dcbersicht Sportler- und Fu\u00dfballer des Jahres<\/h2>\n\n\n\n<p class=\"has-text-align-center\">&nbsp;<\/p>\n\n\n\n<figure class=\"wp-block-table\">\n<table style=\"height: 2873px; width: 100%; border-color: #000000; background-color: #efebf2; border-style: solid;\">\n<tbody>\n<tr style=\"height: 121px;\">\n<td style=\"width: 6.78571%; height: 121px;\"><strong>Jahr<\/strong><\/td>\n<td style=\"width: 15.119%; height: 121px;\"><strong>Sportler des Jahres<\/strong><\/td>\n<td style=\"width: 16.1905%; height: 121px;\"><strong>Jugendfu\u00dfballer des Jahres<\/strong><\/td>\n<td style=\"width: 20.4762%; height: 121px;\"><strong>Jugendfu\u00dfballerin des Jahres<\/strong><\/td>\n<td style=\"width: 14.1667%; height: 121px;\"><strong>Fu\u00dfballerin des Jahres<\/strong><\/td>\n<td style=\"width: 13.3333%; height: 121px;\"><strong>Fu\u00dfballer des Jahres<\/strong><\/td>\n<td style=\"width: 13.8095%; height: 121px;\">\n<p><strong>Kegler des Jahres<\/strong><\/p>\n<\/td>\n<\/tr>\n<tr style=\"height: 23px;\">\n<td style=\"width: 6.78571%; height: 23px;\">2024<\/td>\n<td style=\"width: 15.119%; height: 23px;\">\u00a0<\/td>\n<td style=\"width: 16.1905%; height: 23px;\">\u00a0<\/td>\n<td style=\"width: 20.4762%; height: 23px;\">\u00a0<\/td>\n<td style=\"width: 14.1667%; height: 23px;\">\u00a0<\/td>\n<td style=\"width: 13.3333%; height: 23px;\">\u00a0<\/td>\n<td style=\"width: 13.8095%; height: 23px;\">\u00a0<\/td>\n<\/tr>\n<tr style=\"height: 23px;\">\n<td style=\"width: 6.78571%; height: 23px;\">2023<\/td>\n<td style=\"width: 15.119%; height: 23px;\">\u00a0<\/td>\n<td style=\"width: 16.1905%; height: 23px;\">\u00a0<\/td>\n<td style=\"width: 20.4762%; height: 23px;\">\u00a0<\/td>\n<td style=\"width: 14.1667%; height: 23px;\">\u00a0<\/td>\n<td style=\"width: 13.3333%; height: 23px;\">\u00a0<\/td>\n<td style=\"width: 13.8095%; height: 23px;\">\u00a0<\/td>\n<\/tr>\n<tr style=\"height: 23px;\">\n<td style=\"width: 6.78571%; height: 23px;\">2022<\/td>\n<td style=\"width: 15.119%; height: 23px;\">Christian Meyering<\/td>\n<td style=\"width: 16.1905%; height: 23px;\">Cedric L\u00f6lfing<\/td>\n<td style=\"width: 20.4762%; height: 23px;\">\u00a0<\/td>\n<td style=\"width: 14.1667%; height: 23px;\">Meira Afting<\/td>\n<td style=\"width: 13.3333%; height: 23px;\">Hendrik Evers<\/td>\n<td style=\"width: 13.8095%; height: 23px;\">\u00a0<\/td>\n<\/tr>\n<tr style=\"height: 44px;\">\n<td style=\"width: 6.78571%; height: 44px;\">2021<\/td>\n<td style=\"width: 15.119%; height: 44px;\">Jake Lohm\u00f6ller<\/td>\n<td style=\"width: 16.1905%; height: 44px;\">Paul Grothaus<\/td>\n<td style=\"width: 20.4762%; height: 44px;\">\u00a0<\/td>\n<td style=\"width: 14.1667%; height: 44px;\">Saskia Upmann<\/td>\n<td style=\"width: 13.3333%; height: 44px;\">Jonas Berger<\/td>\n<td style=\"width: 13.8095%; height: 44px;\">\u00a0<\/td>\n<\/tr>\n<tr style=\"height: 44px;\">\n<td style=\"width: 6.78571%; height: 44px;\"><em>2020<\/em><\/td>\n<td style=\"width: 15.119%; height: 44px;\"><em>corona<\/em><\/td>\n<td style=\"width: 16.1905%; height: 44px;\"><em>corona<\/em><\/td>\n<td style=\"width: 20.4762%; height: 44px;\"><em>corona<\/em><\/td>\n<td style=\"width: 14.1667%; height: 44px;\"><em>corona<\/em><\/td>\n<td style=\"width: 13.3333%; height: 44px;\"><em>corona<\/em><\/td>\n<td style=\"width: 13.8095%; height: 44px;\">\u00a0<\/td>\n<\/tr>\n<tr style=\"height: 67px;\">\n<td style=\"width: 6.78571%; height: 67px;\">2019<\/td>\n<td style=\"width: 15.119%; height: 67px;\">Frank Wilkens<\/td>\n<td style=\"width: 16.1905%; height: 67px;\">\u00a0<\/td>\n<td style=\"width: 20.4762%; height: 67px;\">\u00a0<\/td>\n<td style=\"width: 14.1667%; height: 67px;\">\u00a0<\/td>\n<td style=\"width: 13.3333%; height: 67px;\">Henni H\u00fclsing<\/td>\n<td style=\"width: 13.8095%; height: 67px;\">\u00a0<\/td>\n<\/tr>\n<tr style=\"height: 67px;\">\n<td style=\"width: 6.78571%; height: 67px;\">2018<\/td>\n<td style=\"width: 15.119%; height: 67px;\">Gerrit Hindricks<\/td>\n<td style=\"width: 16.1905%; height: 67px;\">\u00a0<\/td>\n<td style=\"width: 20.4762%; height: 67px;\">\u00a0<\/td>\n<td style=\"width: 14.1667%; height: 67px;\">\u00a0<\/td>\n<td style=\"width: 13.3333%; height: 67px;\">Dennis Wittmoser<\/td>\n<td style=\"width: 13.8095%; height: 67px;\">\u00a0<\/td>\n<\/tr>\n<tr style=\"height: 67px;\">\n<td style=\"width: 6.78571%; height: 67px;\">2017<\/td>\n<td style=\"width: 15.119%; height: 67px;\">Sabine Lohm\u00f6ller<\/td>\n<td style=\"width: 16.1905%; height: 67px;\">\u00a0<\/td>\n<td style=\"width: 20.4762%; height: 67px;\">\u00a0<\/td>\n<td style=\"width: 14.1667%; height: 67px;\">\u00a0<\/td>\n<td style=\"width: 13.3333%; height: 67px;\">Mitch B\u00fcnker<\/td>\n<td style=\"width: 13.8095%; height: 67px;\">\u00a0<\/td>\n<\/tr>\n<tr style=\"height: 44px;\">\n<td style=\"width: 6.78571%; height: 44px;\">2016<\/td>\n<td style=\"width: 15.119%; height: 44px;\">Uwe Vogt<\/td>\n<td style=\"width: 16.1905%; height: 44px;\">\u00a0<\/td>\n<td style=\"width: 20.4762%; height: 44px;\">\u00a0<\/td>\n<td style=\"width: 14.1667%; height: 44px;\">\u00a0<\/td>\n<td style=\"width: 13.3333%; height: 44px;\">Felix M\u00fcller<\/td>\n<td style=\"width: 13.8095%; height: 44px;\">\u00a0<\/td>\n<\/tr>\n<tr style=\"height: 67px;\">\n<td style=\"width: 6.78571%; height: 67px;\">2015<\/td>\n<td style=\"width: 15.119%; height: 67px;\">Andreas Lohm\u00f6ller<\/td>\n<td style=\"width: 16.1905%; height: 67px;\">\u00a0<\/td>\n<td style=\"width: 20.4762%; height: 67px;\">\u00a0<\/td>\n<td style=\"width: 14.1667%; height: 67px;\">\u00a0<\/td>\n<td style=\"width: 13.3333%; height: 67px;\">Matthias R\u00f6ttering<\/td>\n<td style=\"width: 13.8095%; height: 67px;\">\u00a0<\/td>\n<\/tr>\n<tr style=\"height: 67px;\">\n<td style=\"width: 6.78571%; height: 67px;\">2014<\/td>\n<td style=\"width: 15.119%; height: 67px;\">Andreas Tewes<\/td>\n<td style=\"width: 16.1905%; height: 67px;\">\u00a0<\/td>\n<td style=\"width: 20.4762%; height: 67px;\">\u00a0<\/td>\n<td style=\"width: 14.1667%; height: 67px;\">\u00a0<\/td>\n<td style=\"width: 13.3333%; height: 67px;\">Dennis F\u00fchner<\/td>\n<td style=\"width: 13.8095%; height: 67px;\">\u00a0<\/td>\n<\/tr>\n<tr style=\"height: 67px;\">\n<td style=\"width: 6.78571%; height: 67px;\">2013<\/td>\n<td style=\"width: 15.119%; height: 67px;\">Bernhard B\u00fcnker BB<\/td>\n<td style=\"width: 16.1905%; height: 67px;\">Luke Lohm\u00f6ller<\/td>\n<td style=\"width: 20.4762%; height: 67px;\">\u00a0<\/td>\n<td style=\"width: 14.1667%; height: 67px;\">Julia Grondmann<\/td>\n<td style=\"width: 13.3333%; height: 67px;\">Bernd Senker<\/td>\n<td style=\"width: 13.8095%; height: 67px;\">Gregor Geerdes<\/td>\n<\/tr>\n<tr style=\"height: 67px;\">\n<td style=\"width: 6.78571%; height: 67px;\">2012<\/td>\n<td style=\"width: 15.119%; height: 67px;\">Ansgar J\u00e4ckering<\/td>\n<td style=\"width: 16.1905%; height: 67px;\">Christoph Schwis<\/td>\n<td style=\"width: 20.4762%; height: 67px;\">Karin Wolters<\/td>\n<td style=\"width: 14.1667%; height: 67px;\">Maren Sch\u00f6ttler<\/td>\n<td style=\"width: 13.3333%; height: 67px;\">\u00a0Florian Tegeder<\/td>\n<td style=\"width: 13.8095%; height: 67px;\">\u00a0Reinhard Altenschule<\/td>\n<\/tr>\n<tr style=\"height: 67px;\">\n<td style=\"width: 6.78571%; height: 67px;\">2011<\/td>\n<td style=\"width: 15.119%; height: 67px;\">Julian Geerdes<\/td>\n<td style=\"width: 16.1905%; height: 67px;\">Devon Lohm\u00f6ller<\/td>\n<td style=\"width: 20.4762%; height: 67px;\">Meira Afting<\/td>\n<td style=\"width: 14.1667%; height: 67px;\">Monique Gelker<\/td>\n<td style=\"width: 13.3333%; height: 67px;\">\u00a0Christoph R\u00f6ttering<\/td>\n<td style=\"width: 13.8095%; height: 67px;\">\u00a0<\/td>\n<\/tr>\n<tr style=\"height: 67px;\">\n<td style=\"width: 6.78571%; height: 67px;\">2010<\/td>\n<td style=\"width: 15.119%; height: 67px;\">Christoph Antons<\/td>\n<td style=\"width: 16.1905%; height: 67px;\">Hendrik B\u00fcltel<\/td>\n<td style=\"width: 20.4762%; height: 67px;\">Alison Lohm\u00f6ller<\/td>\n<td style=\"width: 14.1667%; height: 67px;\">Lena Elfert<\/td>\n<td style=\"width: 13.3333%; height: 67px;\">\u00a0Markus Meyering<\/td>\n<td style=\"width: 13.8095%; height: 67px;\">\u00a0<\/td>\n<\/tr>\n<tr style=\"height: 67px;\">\n<td style=\"width: 6.78571%; height: 67px;\">2009<\/td>\n<td style=\"width: 15.119%; height: 67px;\">Peter Weiss<\/td>\n<td style=\"width: 16.1905%; height: 67px;\">Stefan Schwis<\/td>\n<td style=\"width: 20.4762%; height: 67px;\">Christina Egbers<\/td>\n<td style=\"width: 14.1667%; height: 67px;\">\u00a0<\/td>\n<td style=\"width: 13.3333%; height: 67px;\">\u00a0Ansgar Holtel<\/td>\n<td style=\"width: 13.8095%; height: 67px;\">\u00a0<\/td>\n<\/tr>\n<tr style=\"height: 67px;\">\n<td style=\"width: 6.78571%; height: 67px;\">2008<\/td>\n<td style=\"width: 15.119%; height: 67px;\">Gerd B\u00fcnker<\/td>\n<td style=\"width: 16.1905%; height: 67px;\">Hendrik Evers<\/td>\n<td style=\"width: 20.4762%; height: 67px;\">Lena Wilbers<\/td>\n<td style=\"width: 14.1667%; height: 67px;\">\u00a0<\/td>\n<td style=\"width: 13.3333%; height: 67px;\">\u00a0Pascal Schubring<\/td>\n<td style=\"width: 13.8095%; height: 67px;\">\u00a0<\/td>\n<\/tr>\n<tr style=\"height: 67px;\">\n<td style=\"width: 6.78571%; height: 67px;\">2007<\/td>\n<td style=\"width: 15.119%; height: 67px;\">Horst M\u00f6schter<\/td>\n<td style=\"width: 16.1905%; height: 67px;\">Sebastian H\u00fclsing<\/td>\n<td style=\"width: 20.4762%; height: 67px;\">Anna Senker<\/td>\n<td style=\"width: 14.1667%; height: 67px;\">\u00a0<\/td>\n<td style=\"width: 13.3333%; height: 67px;\">\u00a0Andreas Tewes<\/td>\n<td style=\"width: 13.8095%; height: 67px;\">\u00a0<\/td>\n<\/tr>\n<tr style=\"height: 67px;\">\n<td style=\"width: 6.78571%; height: 67px;\">2006<\/td>\n<td style=\"width: 15.119%; height: 67px;\">Ansgar J\u00e4ckering<\/td>\n<td style=\"width: 16.1905%; height: 67px;\">Bernd Senker<\/td>\n<td style=\"width: 20.4762%; height: 67px;\">Lisa Banning<\/td>\n<td style=\"width: 14.1667%; height: 67px;\">\u00a0<\/td>\n<td style=\"width: 13.3333%; height: 67px;\">\u00a0Wolfgang Wilken<\/td>\n<td style=\"width: 13.8095%; height: 67px;\">\u00a0<\/td>\n<\/tr>\n<tr style=\"height: 67px;\">\n<td style=\"width: 6.78571%; height: 67px;\">2005<\/td>\n<td style=\"width: 15.119%; height: 67px;\">Silvia Duitz<\/td>\n<td style=\"width: 16.1905%; height: 67px;\">Hendrik H\u00fclsing<\/td>\n<td style=\"width: 20.4762%; height: 67px;\">Celia J\u00e4ckering<\/td>\n<td style=\"width: 14.1667%; height: 67px;\">\u00a0<\/td>\n<td style=\"width: 13.3333%; height: 67px;\">\u00a0Martin Holle<\/td>\n<td style=\"width: 13.8095%; height: 67px;\">\u00a0<\/td>\n<\/tr>\n<tr style=\"height: 67px;\">\n<td style=\"width: 6.78571%; height: 67px;\">2004<\/td>\n<td style=\"width: 15.119%; height: 67px;\">Daniel Gruber<\/td>\n<td style=\"width: 16.1905%; height: 67px;\">\u00a0<\/td>\n<td style=\"width: 20.4762%; height: 67px;\">\u00a0<\/td>\n<td style=\"width: 14.1667%; height: 67px;\">\u00a0<\/td>\n<td style=\"width: 13.3333%; height: 67px;\">\u00a0Marcel Schubring<\/td>\n<td style=\"width: 13.8095%; height: 67px;\">\u00a0<\/td>\n<\/tr>\n<tr style=\"height: 67px;\">\n<td style=\"width: 6.78571%; height: 67px;\">2003<\/td>\n<td style=\"width: 15.119%; height: 67px;\">Karl Heinz Drees<\/td>\n<td style=\"width: 16.1905%; height: 67px;\">\u00a0<\/td>\n<td style=\"width: 20.4762%; height: 67px;\">\u00a0<\/td>\n<td style=\"width: 14.1667%; height: 67px;\">\u00a0<\/td>\n<td style=\"width: 13.3333%; height: 67px;\">\u00a0Andreas Lohm\u00f6ller<\/td>\n<td style=\"width: 13.8095%; height: 67px;\">\u00a0<\/td>\n<\/tr>\n<tr style=\"height: 67px;\">\n<td style=\"width: 6.78571%; height: 67px;\">2002<\/td>\n<td style=\"width: 15.119%; height: 67px;\">Horst M\u00f6schter<\/td>\n<td style=\"width: 16.1905%; height: 67px;\">\u00a0<\/td>\n<td style=\"width: 20.4762%; height: 67px;\">\u00a0<\/td>\n<td style=\"width: 14.1667%; height: 67px;\">\u00a0<\/td>\n<td style=\"width: 13.3333%; height: 67px;\">\u00a0Michael Tewes<\/td>\n<td style=\"width: 13.8095%; height: 67px;\">\u00a0<\/td>\n<\/tr>\n<tr style=\"height: 67px;\">\n<td style=\"width: 6.78571%; height: 67px;\">2001<\/td>\n<td style=\"width: 15.119%; height: 67px;\">Thomas Busch<\/td>\n<td style=\"width: 16.1905%; height: 67px;\">\u00a0<\/td>\n<td style=\"width: 20.4762%; height: 67px;\">\u00a0<\/td>\n<td style=\"width: 14.1667%; height: 67px;\">\u00a0<\/td>\n<td style=\"width: 13.3333%; height: 67px;\">\u00a0Marco Bertels<\/td>\n<td style=\"width: 13.8095%; height: 67px;\">\u00a0<\/td>\n<\/tr>\n<tr style=\"height: 67px;\">\n<td style=\"width: 6.78571%; height: 67px;\">2000<\/td>\n<td style=\"width: 15.119%; height: 67px;\">Klaus Wilmes<\/td>\n<td style=\"width: 16.1905%; height: 67px;\">\u00a0<\/td>\n<td style=\"width: 20.4762%; height: 67px;\">\u00a0<\/td>\n<td style=\"width: 14.1667%; height: 67px;\">\u00a0<\/td>\n<td style=\"width: 13.3333%; height: 67px;\">\u00a0Stefan Robbes<\/td>\n<td style=\"width: 13.8095%; height: 67px;\">\u00a0<\/td>\n<\/tr>\n<tr style=\"height: 67px;\">\n<td style=\"width: 6.78571%; height: 67px;\">1999<\/td>\n<td style=\"width: 15.119%; height: 67px;\">Herman Egbers<\/td>\n<td style=\"width: 16.1905%; height: 67px;\">\u00a0<\/td>\n<td style=\"width: 20.4762%; height: 67px;\">\u00a0<\/td>\n<td style=\"width: 14.1667%; height: 67px;\">\u00a0<\/td>\n<td style=\"width: 13.3333%; height: 67px;\">\u00a0Markus Meyering<\/td>\n<td style=\"width: 13.8095%; height: 67px;\">\u00a0<\/td>\n<\/tr>\n<tr style=\"height: 91px;\">\n<td style=\"width: 6.78571%; height: 91px;\">1998<\/td>\n<td style=\"width: 15.119%; height: 91px;\">Klaus Wilmes<\/td>\n<td style=\"width: 16.1905%; height: 91px;\">\u00a0<\/td>\n<td style=\"width: 20.4762%; height: 91px;\">\u00a0<\/td>\n<td style=\"width: 14.1667%; height: 91px;\">\u00a0<\/td>\n<td style=\"width: 13.3333%; height: 91px;\">\u00a0Albert Schulte van Werde<\/td>\n<td style=\"width: 13.8095%; height: 91px;\">\u00a0<\/td>\n<\/tr>\n<tr style=\"height: 67px;\">\n<td style=\"width: 6.78571%; height: 67px;\">1997<\/td>\n<td style=\"width: 15.119%; height: 67px;\">Klaus Kaps<\/td>\n<td style=\"width: 16.1905%; height: 67px;\">\u00a0<\/td>\n<td style=\"width: 20.4762%; height: 67px;\">\u00a0<\/td>\n<td style=\"width: 14.1667%; height: 67px;\">\u00a0<\/td>\n<td style=\"width: 13.3333%; height: 67px;\">\u00a0Michael Heckmann<\/td>\n<td style=\"width: 13.8095%; height: 67px;\">\u00a0<\/td>\n<\/tr>\n<tr style=\"height: 67px;\">\n<td style=\"width: 6.78571%; height: 67px;\">1996<\/td>\n<td style=\"width: 15.119%; height: 67px;\">Alfons Duitz<\/td>\n<td style=\"width: 16.1905%; height: 67px;\">\u00a0<\/td>\n<td style=\"width: 20.4762%; height: 67px;\">\u00a0<\/td>\n<td style=\"width: 14.1667%; height: 67px;\">\u00a0<\/td>\n<td style=\"width: 13.3333%; height: 67px;\">\u00a0Andreas Lohm\u00f6ller<\/td>\n<td style=\"width: 13.8095%; height: 67px;\">\u00a0<\/td>\n<\/tr>\n<tr style=\"height: 67px;\">\n<td style=\"width: 6.78571%; height: 67px;\">1995<\/td>\n<td style=\"width: 15.119%; height: 67px;\">Bernhard Hindricks<\/td>\n<td style=\"width: 16.1905%; height: 67px;\">\u00a0<\/td>\n<td style=\"width: 20.4762%; height: 67px;\">\u00a0<\/td>\n<td style=\"width: 14.1667%; height: 67px;\">\u00a0<\/td>\n<td style=\"width: 13.3333%; height: 67px;\">\u00a0Klaus Berger<\/td>\n<td style=\"width: 13.8095%; height: 67px;\">\u00a0<\/td>\n<\/tr>\n<tr style=\"height: 67px;\">\n<td style=\"width: 6.78571%; height: 67px;\">1994<\/td>\n<td style=\"width: 15.119%; height: 67px;\">Albert Krekeler<\/td>\n<td style=\"width: 16.1905%; height: 67px;\">\u00a0<\/td>\n<td style=\"width: 20.4762%; height: 67px;\">\u00a0<\/td>\n<td style=\"width: 14.1667%; height: 67px;\">\u00a0<\/td>\n<td style=\"width: 13.3333%; height: 67px;\">\u00a0Ludger B\u00fcnker<\/td>\n<td style=\"width: 13.8095%; height: 67px;\">\u00a0<\/td>\n<\/tr>\n<tr style=\"height: 67px;\">\n<td style=\"width: 6.78571%; height: 67px;\">1993<\/td>\n<td style=\"width: 15.119%; height: 67px;\">Ludwig Berger<\/td>\n<td style=\"width: 16.1905%; height: 67px;\">\u00a0<\/td>\n<td style=\"width: 20.4762%; height: 67px;\">\u00a0<\/td>\n<td style=\"width: 14.1667%; height: 67px;\">\u00a0<\/td>\n<td style=\"width: 13.3333%; height: 67px;\">\u00a0Ansgar J\u00e4ckering<\/td>\n<td style=\"width: 13.8095%; height: 67px;\">\u00a0<\/td>\n<\/tr>\n<tr style=\"height: 67px;\">\n<td style=\"width: 6.78571%; height: 67px;\">1992<\/td>\n<td style=\"width: 15.119%; height: 67px;\">Heinz Berger<\/td>\n<td style=\"width: 16.1905%; height: 67px;\">\u00a0<\/td>\n<td style=\"width: 20.4762%; height: 67px;\">\u00a0<\/td>\n<td style=\"width: 14.1667%; height: 67px;\">\u00a0<\/td>\n<td style=\"width: 13.3333%; height: 67px;\">\u00a0Bernhard B\u00fcnker<\/td>\n<td style=\"width: 13.8095%; height: 67px;\">\u00a0<\/td>\n<\/tr>\n<tr style=\"height: 91px;\">\n<td style=\"width: 6.78571%; height: 91px;\">1991<\/td>\n<td style=\"width: 15.119%; height: 91px;\">Franz Geerdes<\/td>\n<td style=\"width: 16.1905%; height: 91px;\">\u00a0<\/td>\n<td style=\"width: 20.4762%; height: 91px;\">\u00a0<\/td>\n<td style=\"width: 14.1667%; height: 91px;\">\u00a0<\/td>\n<td style=\"width: 13.3333%; height: 91px;\">\u00a0Albert Schule van Werde<\/td>\n<td style=\"width: 13.8095%; height: 91px;\">\u00a0<\/td>\n<\/tr>\n<tr style=\"height: 67px;\">\n<td style=\"width: 6.78571%; height: 67px;\">1990<\/td>\n<td style=\"width: 15.119%; height: 67px;\">Ludwig Berger<\/td>\n<td style=\"width: 16.1905%; height: 67px;\">\u00a0<\/td>\n<td style=\"width: 20.4762%; height: 67px;\">\u00a0<\/td>\n<td style=\"width: 14.1667%; height: 67px;\">\u00a0<\/td>\n<td style=\"width: 13.3333%; height: 67px;\">\u00a0Klaus Berger<\/td>\n<td style=\"width: 13.8095%; height: 67px;\">\u00a0<\/td>\n<\/tr>\n<tr style=\"height: 91px;\">\n<td style=\"width: 6.78571%; height: 91px;\">1989<\/td>\n<td style=\"width: 15.119%; height: 91px;\">Hans J\u00fcrgen Schroeder<\/td>\n<td style=\"width: 16.1905%; height: 91px;\">\u00a0<\/td>\n<td style=\"width: 20.4762%; height: 91px;\">\u00a0<\/td>\n<td style=\"width: 14.1667%; height: 91px;\">\u00a0<\/td>\n<td style=\"width: 13.3333%; height: 91px;\">\u00a0Ansgar J\u00e4ckering<\/td>\n<td style=\"width: 13.8095%; height: 91px;\">\u00a0<\/td>\n<\/tr>\n<tr style=\"height: 67px;\">\n<td style=\"width: 6.78571%; height: 67px;\">1988<\/td>\n<td style=\"width: 15.119%; height: 67px;\">Bernhard Holtel<\/td>\n<td style=\"width: 16.1905%; height: 67px;\">\u00a0<\/td>\n<td style=\"width: 20.4762%; height: 67px;\">\u00a0<\/td>\n<td style=\"width: 14.1667%; height: 67px;\">\u00a0<\/td>\n<td style=\"width: 13.3333%; height: 67px;\">\u00a0Klaus Berger<\/td>\n<td style=\"width: 13.8095%; height: 67px;\">\u00a0<\/td>\n<\/tr>\n<tr style=\"height: 67px;\">\n<td style=\"width: 6.78571%; height: 67px;\">1987<\/td>\n<td style=\"width: 15.119%; height: 67px;\">Ludwig Berger<\/td>\n<td style=\"width: 16.1905%; height: 67px;\">\u00a0<\/td>\n<td style=\"width: 20.4762%; height: 67px;\">\u00a0<\/td>\n<td style=\"width: 14.1667%; height: 67px;\">\u00a0<\/td>\n<td style=\"width: 13.3333%; height: 67px;\">\u00a0Hugo Alfes<\/td>\n<td style=\"width: 13.8095%; height: 67px;\">\u00a0<\/td>\n<\/tr>\n<tr style=\"height: 67px;\">\n<td style=\"width: 6.78571%; height: 67px;\">1986<\/td>\n<td style=\"width: 15.119%; height: 67px;\">Werner Pl\u00fcth<\/td>\n<td style=\"width: 16.1905%; height: 67px;\">\u00a0<\/td>\n<td style=\"width: 20.4762%; height: 67px;\">\u00a0<\/td>\n<td style=\"width: 14.1667%; height: 67px;\">\u00a0<\/td>\n<td style=\"width: 13.3333%; height: 67px;\">\u00a0Heinz Alfes<\/td>\n<td style=\"width: 13.8095%; height: 67px;\">\u00a0<\/td>\n<\/tr>\n<tr style=\"height: 67px;\">\n<td style=\"width: 6.78571%; height: 67px;\">1985<\/td>\n<td style=\"width: 15.119%; height: 67px;\">Hermann H\u00fclsing<\/td>\n<td style=\"width: 16.1905%; height: 67px;\">\u00a0<\/td>\n<td style=\"width: 20.4762%; height: 67px;\">\u00a0<\/td>\n<td style=\"width: 14.1667%; height: 67px;\">\u00a0<\/td>\n<td style=\"width: 13.3333%; height: 67px;\">\u00a0<\/td>\n<td style=\"width: 13.8095%; height: 67px;\">\u00a0<\/td>\n<\/tr>\n<tr style=\"height: 67px;\">\n<td style=\"width: 6.78571%; height: 67px;\">1984<\/td>\n<td style=\"width: 15.119%; height: 67px;\">Ulrike Schreiber<\/td>\n<td style=\"width: 16.1905%; height: 67px;\">\u00a0<\/td>\n<td style=\"width: 20.4762%; height: 67px;\">\u00a0<\/td>\n<td style=\"width: 14.1667%; height: 67px;\">\u00a0<\/td>\n<td style=\"width: 13.3333%; height: 67px;\">\u00a0Dieter M\u00f6llmann<\/td>\n<td style=\"width: 13.8095%; height: 67px;\">\u00a0<\/td>\n<\/tr>\n<tr style=\"height: 67px;\">\n<td style=\"width: 6.78571%; height: 67px;\">1983<\/td>\n<td style=\"width: 15.119%; height: 67px;\">Ludwig Berger<\/td>\n<td style=\"width: 16.1905%; height: 67px;\">\u00a0<\/td>\n<td style=\"width: 20.4762%; height: 67px;\">\u00a0<\/td>\n<td style=\"width: 14.1667%; height: 67px;\">\u00a0<\/td>\n<td style=\"width: 13.3333%; height: 67px;\">\u00a0Bernhard Holtel<\/td>\n<td style=\"width: 13.8095%; height: 67px;\">\u00a0<\/td>\n<\/tr>\n<tr style=\"height: 67px;\">\n<td style=\"width: 6.78571%; height: 67px;\">1982<\/td>\n<td style=\"width: 15.119%; height: 67px;\">Horst M\u00f6schter<\/td>\n<td style=\"width: 16.1905%; height: 67px;\">\u00a0<\/td>\n<td style=\"width: 20.4762%; height: 67px;\">\u00a0<\/td>\n<td style=\"width: 14.1667%; height: 67px;\">\u00a0<\/td>\n<td style=\"width: 13.3333%; height: 67px;\">\u00a0Gregor Geerdes<\/td>\n<td style=\"width: 13.8095%; height: 67px;\">Henni H\u00fclsing<\/td>\n<\/tr>\n<\/tbody>\n<\/table>\n<\/figure>\n\n\n\n<p class=\"has-text-align-center\">&nbsp;<\/p>\n","protected":false},"excerpt":{"rendered":"<p>\u00dcbersicht Sportler- und Fu\u00dfballer des Jahres &nbsp; Jahr Sportler des Jahres Jugendfu\u00dfballer des Jahres Jugendfu\u00dfballerin des Jahres Fu\u00dfballerin des Jahres Fu\u00dfballer des Jahres Kegler des Jahres 2024 \u00a0 \u00a0 \u00a0 \u00a0 \u00a0 \u00a0 2023 \u00a0 \u00a0 \u00a0 \u00a0 \u00a0 \u00a0 2022 Christian Meyering Cedric L\u00f6lfing \u00a0 Meira Afting Hendrik Evers \u00a0 2021 Jake Lohm\u00f6ller Paul Grothaus \u00a0 Saskia Upmann Jonas Berger \u00a0 2020 corona corona corona corona corona \u00a0 2019 Frank Wilkens \u00a0 \u00a0 \u00a0 Henni H\u00fclsing \u00a0 2018 Gerrit Hindricks \u00a0 \u00a0 \u00a0 Dennis Wittmoser \u00a0 2017 Sabine Lohm\u00f6ller \u00a0 \u00a0 \u00a0 Mitch B\u00fcnker \u00a0 2016 Uwe Vogt \u00a0 \u00a0 \u00a0 Felix M\u00fcller \u00a0 2015 Andreas Lohm\u00f6ller \u00a0 \u00a0 \u00a0 Matthias R\u00f6ttering \u00a0 2014 Andreas Tewes \u00a0 \u00a0 \u00a0 Dennis F\u00fchner \u00a0 2013 Bernhard B\u00fcnker BB Luke Lohm\u00f6ller \u00a0 Julia Grondmann Bernd Senker Gregor Geerdes 2012 Ansgar J\u00e4ckering Christoph Schwis Karin Wolters Maren Sch\u00f6ttler \u00a0Florian Tegeder \u00a0Reinhard Altenschule 2011 Julian Geerdes Devon Lohm\u00f6ller Meira Afting Monique Gelker \u00a0Christoph R\u00f6ttering \u00a0 2010 Christoph Antons Hendrik B\u00fcltel Alison Lohm\u00f6ller Lena Elfert \u00a0Markus Meyering \u00a0 2009 Peter Weiss Stefan Schwis Christina Egbers [&hellip;]<\/p>\n","protected":false},"author":1,"featured_media":0,"parent":0,"menu_order":45,"comment_status":"open","ping_status":"open","template":"","meta":{"footnotes":""},"class_list":["post-91","page","type-page","status-publish","hentry"],"_links":{"self":[{"href":"https:\/\/www.sv-listrup.de\/index.php?rest_route=\/wp\/v2\/pages\/91","targetHints":{"allow":["GET"]}}],"collection":[{"href":"https:\/\/www.sv-listrup.de\/index.php?rest_route=\/wp\/v2\/pages"}],"about":[{"href":"https:\/\/www.sv-listrup.de\/index.php?rest_route=\/wp\/v2\/types\/page"}],"author":[{"embeddable":true,"href":"https:\/\/www.sv-listrup.de\/index.php?rest_route=\/wp\/v2\/users\/1"}],"replies":[{"embeddable":true,"href":"https:\/\/www.sv-listrup.de\/index.php?rest_route=%2Fwp%2Fv2%2Fcomments&post=91"}],"version-history":[{"count":18,"href":"https:\/\/www.sv-listrup.de\/index.php?rest_route=\/wp\/v2\/pages\/91\/revisions"}],"predecessor-version":[{"id":8516,"href":"https:\/\/www.sv-listrup.de\/index.php?rest_route=\/wp\/v2\/pages\/91\/revisions\/8516"}],"wp:attachment":[{"href":"https:\/\/www.sv-listrup.de\/index.php?rest_route=%2Fwp%2Fv2%2Fmedia&parent=91"}],"curies":[{"name":"wp","href":"https:\/\/api.w.org\/{rel}","templated":true}]}}